{"id":343,"date":"2023-03-09T14:18:01","date_gmt":"2023-03-09T13:18:01","guid":{"rendered":"https:\/\/nextbike-live.pluspol-networks.de\/luzern\/?page_id=343"},"modified":"2026-03-06T11:15:13","modified_gmt":"2026-03-06T10:15:13","slug":"geschaeftskunden","status":"publish","type":"page","link":"https:\/\/www.nextbike.ch\/de\/geschaeftskunden\/","title":{"rendered":"Gesch\u00e4ftskunden"},"content":{"rendered":"<div class=\"wpb-content-wrapper\"><p>[vc_row css=&#8220;.vc_custom_1678359503314{margin-top: 30px !important;}&#8220;][vc_column][vc_column_text]<\/p>\n<h2>Unsere Produkte im \u00dcberblick<\/h2>\n<p>[\/vc_column_text][\/vc_column][\/vc_row][vc_row ppi_row_padding=&#8220;ppi_remove_padding_top,ppi_remove_padding_bottom&#8220;][vc_column width=&#8220;1\/12&#8243;][vc_icon type=&#8220;material&#8220; icon_material=&#8220;vc-material vc-material-directions_bike&#8220; color=&#8220;custom&#8220; background_style=&#8220;rounded-outline&#8220; background_color=&#8220;custom&#8220; align=&#8220;center&#8220; custom_color=&#8220;#000000&#8243; custom_background_color=&#8220;#000000&#8243;][\/vc_column][vc_column width=&#8220;11\/12&#8243;][vc_column_text css=&#8220;&#8220;]<\/p>\n<h3>Business-Bike<\/h3>\n<p style=\"font-weight: 400;\">Nextbike ist aus dem flexiblen Nahverkehr nicht mehr wegzudenken. Das Veloverleihsystem hat sich als fester Bestandteil des \u00f6ffentlichen Verkehrs etabliert und erg\u00e4nzt Bus, Zug sowie den motorisierten Individualverkehr optimal. Betriebliche Mobilit\u00e4tskonzepte gewinnen zunehmend an Bedeutung. Mit dem Business-Bike integrieren Sie nachhaltige und flexible Mobilit\u00e4t wirkungsvoll in Ihre Unternehmung. Ihre Mitarbeitenden profitieren von t\u00e4glich 120 Minuten kostenloser Nutzung klassischer Nextbikes \u2013 f\u00fcr den Arbeitsweg, zu Terminen oder Fahrten in der Freizeit. Gerne pr\u00fcfen wir zudem die Realisierung einer eigenen nextbike-Station direkt an Ihrem Firmenstandort und beraten Sie individuell zu den M\u00f6glichkeiten.<\/p>\n<p style=\"font-weight: 400;\"><strong>Ihre Vorteile auf einen Blick<\/strong><\/p>\n<ul style=\"font-weight: 400;\">\n<li>Effiziente und flexible Mobilit\u00e4t im Berufsverkehr<\/li>\n<li>Reduzierter Bedarf an Parkpl\u00e4tzen und Infrastruktur<\/li>\n<li>F\u00f6rderung von Bewegung und Gesundheit Ihrer Mitarbeitenden<\/li>\n<li>Sichtbares Engagement f\u00fcr umweltbewusstes und nachhaltiges Handeln<\/li>\n<\/ul>\n<p style=\"font-weight: 400;\"><strong>Konditionen<\/strong><\/p>\n<ul style=\"font-weight: 400;\">\n<li>Business-Bike-Abo ab 10 Personen: ab CHF 360.00<\/li>\n<li>Standard-Station im bestehenden Zentralschweizer Netz inklusive Business-Bike-Abo ab CHF 3\u2019465.00<\/li>\n<\/ul>\n<p style=\"font-weight: 400;\"><strong>Bestehenden Kunden<\/strong><\/p>\n<p style=\"font-weight: 400;\">Kantone Luzern, Nidwalden und Obwalden, CKW, VBL, CSS, Calida, Luzerner Kantonsspital, Schweizer Paraplegiker Gruppe und viele mehr.<\/p>\n<p>[\/vc_column_text][\/vc_column][\/vc_row][vc_row ppi_row_padding=&#8220;ppi_remove_padding_top,ppi_remove_padding_bottom&#8220; disable_element=&#8220;yes&#8220; css=&#8220;.vc_custom_1772792106464{margin-top: 30px !important;}&#8220;][vc_column][vc_separator][\/vc_column][\/vc_row][vc_row ppi_row_padding=&#8220;ppi_remove_padding_top,ppi_remove_padding_bottom&#8220; disable_element=&#8220;yes&#8220;][vc_column width=&#8220;1\/12&#8243;][vc_icon type=&#8220;material&#8220; icon_material=&#8220;vc-material vc-material-local_hotel&#8220; color=&#8220;custom&#8220; background_style=&#8220;rounded-outline&#8220; background_color=&#8220;custom&#8220; align=&#8220;center&#8220; custom_color=&#8220;#000000&#8243; custom_background_color=&#8220;#000000&#8243;][\/vc_column][vc_column width=&#8220;11\/12&#8243;][vc_column_text]<\/p>\n<h3><span style=\"color: #004a99;\">Hotel-Bike<\/span><\/h3>\n<p><strong>Demn\u00e4chst verf\u00fcgbar:\u00a0<\/strong><\/p>\n<p>Stellen Sie Ihren G\u00e4sten unkompliziert Leihvelos f\u00fcr Erkundungstouren zur Verf\u00fcgung.<\/p>\n<p data-renderer-start-pos=\"302\"><strong data-renderer-mark=\"true\">Ihre Vorteile:<\/strong><\/p>\n<ul class=\"ak-ul\" data-indent-level=\"2\">\n<li>\n<p data-renderer-start-pos=\"454\">Attraktives Angebot f\u00fcr Hotelg\u00e4ste<\/p>\n<\/li>\n<li>\n<p data-renderer-start-pos=\"492\">Service der Velos durch nextbike<\/p>\n<\/li>\n<\/ul>\n<p>[\/vc_column_text][\/vc_column][\/vc_row][vc_row ppi_row_padding=&#8220;ppi_remove_padding_top,ppi_remove_padding_bottom&#8220; disable_element=&#8220;yes&#8220;][vc_column width=&#8220;1\/12&#8243;][vc_icon type=&#8220;material&#8220; color=&#8220;black&#8220; background_style=&#8220;rounded-outline&#8220; background_color=&#8220;black&#8220; align=&#8220;center&#8220;][\/vc_column][vc_column width=&#8220;11\/12&#8243;][vc_column_text]<\/p>\n<h3><span style=\"color: #004a99;\">EventVelo<\/span><\/h3>\n<p>Ein Ausflug f\u00fcr Kund*innen oder Mitarbeitenden mit dem Velo? nextbikes k\u00f6nnen tage- oder wochenweise an den Velostationen ausgeliehen werden.\u00a0 Noch heute unsere Velos f\u00fcr den n\u00e4chsten Event reservieren.[\/vc_column_text][\/vc_column][\/vc_row][vc_row ppi_row_padding=&#8220;ppi_remove_padding_top,ppi_remove_padding_bottom&#8220; css=&#8220;.vc_custom_1678359598991{margin-top: 30px !important;}&#8220;][vc_column][vc_separator][\/vc_column][\/vc_row][vc_row ppi_row_padding=&#8220;ppi_remove_padding_top,ppi_remove_padding_bottom&#8220;][vc_column width=&#8220;1\/12&#8243;][vc_icon type=&#8220;material&#8220; icon_material=&#8220;vc-material vc-material-photo_camera&#8220; color=&#8220;black&#8220; background_style=&#8220;rounded-outline&#8220; background_color=&#8220;black&#8220; align=&#8220;center&#8220;][\/vc_column][vc_column width=&#8220;11\/12&#8243;][vc_column_text css=&#8220;&#8220;]<\/p>\n<h3><span style=\"color: #000000;\">Werbung<\/span><\/h3>\n<div class=\"column-bg-overlay-wrap\" data-bg-animation=\"none\">\n<div class=\"column-bg-overlay\">Mit Werbung auf unseren Velos und E-Bikes sind Ihre Botschaften in der ganzen Zentralschweiz frisch, aussergew\u00f6hnlich und umweltfreundlich unterwegs. Dabei legen Ihre Werbebotschaften mehrere hunderttausend Kilometer zur\u00fcck und sind immer direkt an ihrer Zielgruppe.<\/div>\n<\/div>\n<p>[\/vc_column_text][\/vc_column][\/vc_row][vc_row ppi_row_padding=&#8220;ppi_remove_padding_top,ppi_remove_padding_bottom&#8220;][vc_column][vc_gallery interval=&#8220;3&#8243; images=&#8220;440,436,432&#8243; img_size=&#8220;large&#8220; onclick=&#8220;&#8220;][\/vc_column][\/vc_row][vc_row ppi_row_padding=&#8220;ppi_remove_padding_top,ppi_remove_padding_bottom&#8220; disable_element=&#8220;yes&#8220; css=&#8220;.vc_custom_1679572064217{margin-top: 30px !important;}&#8220;][vc_column][vc_separator][\/vc_column][\/vc_row][vc_row ppi_row_padding=&#8220;ppi_remove_padding_top,ppi_remove_padding_bottom&#8220; disable_element=&#8220;yes&#8220;][vc_column width=&#8220;1\/12&#8243;][vc_icon type=&#8220;material&#8220; icon_material=&#8220;vc-material vc-material-school&#8220; color=&#8220;black&#8220; background_style=&#8220;rounded-outline&#8220; background_color=&#8220;black&#8220; align=&#8220;center&#8220;][\/vc_column][vc_column width=&#8220;11\/12&#8243;][vc_column_text]<\/p>\n<h3><span style=\"color: #004a99;\">Campus<\/span><\/h3>\n<p>In Zusammenarbeit mit Hochschulen, Universit\u00e4ten sowie Studierendenwerken erhalten Studierende und Mitarbeitende besondere Tarifvorteile. Zus\u00e4tzlich k\u00f6nnen Stationen direkt auf dem Campus eingerichtet werden.[\/vc_column_text][\/vc_column][\/vc_row][vc_row ppi_row_padding=&#8220;ppi_remove_padding_top,ppi_remove_padding_bottom&#8220; css=&#8220;.vc_custom_1678359598991{margin-top: 30px !important;}&#8220;][vc_column][vc_separator][\/vc_column][\/vc_row][vc_row ppi_row_padding=&#8220;ppi_remove_padding_top&#8220;][vc_column width=&#8220;1\/12&#8243;][vc_icon type=&#8220;material&#8220; icon_material=&#8220;vc-material vc-material-mail_outline&#8220; color=&#8220;black&#8220; background_style=&#8220;rounded-outline&#8220; background_color=&#8220;black&#8220; align=&#8220;center&#8220;][\/vc_column][vc_column width=&#8220;11\/12&#8243;][vc_column_text css=&#8220;&#8220;]<\/p>\n<h3><span style=\"color: #000000;\">Interesse? Jetzt Kontakt mit uns aufnehmen!<\/span><\/h3>\n<p>Caritas Zentralschweiz<br \/>\nGrossmatte Ost 10<br \/>\n6014 Luzern<br \/>\nTel: 041 368 54 17<br \/>\nE-Mail: <a href=\"mailto:info@nextbike.ch\">info@nextbike.ch<\/a><\/p>\n<p>Caritas Zentralschweiz arbeitet im Auftrag der nextbike GmbH[\/vc_column_text][\/vc_column][\/vc_row]<\/p>\n<\/div>","protected":false},"excerpt":{"rendered":"<p>[vc_row css=&#8220;.vc_custom_1678359503314{margin-top: 30px !important;}&#8220;][vc_column][vc_column_text] Unsere Produkte im \u00dcberblick [\/vc_column_text][\/vc_column][\/vc_row][vc_row ppi_row_padding=&#8220;ppi_remove_padding_top,ppi_remove_padding_bottom&#8220;][vc_column width=&#8220;1\/12&#8243;][vc_icon type=&#8220;material&#8220; icon_material=&#8220;vc-material vc-material-directions_bike&#8220; color=&#8220;custom&#8220; background_style=&#8220;rounded-outline&#8220; background_color=&#8220;custom&#8220; align=&#8220;center&#8220; custom_color=&#8220;#000000&#8243; custom_background_color=&#8220;#000000&#8243;][\/vc_column][vc_column width=&#8220;11\/12&#8243;][vc_column_text css=&#8220;&#8220;] Business-Bike Nextbike ist aus dem flexiblen Nahverkehr nicht mehr wegzudenken. Das Veloverleihsystem hat sich als fester Bestandteil des \u00f6ffentlichen Verkehrs etabliert und erg\u00e4nzt Bus, Zug sowie den motorisierten Individualverkehr optimal. Betriebliche Mobilit\u00e4tskonzepte gewinnen [&hellip;]<\/p>\n","protected":false},"author":12,"featured_media":0,"parent":0,"menu_order":0,"comment_status":"closed","ping_status":"closed","template":"page-bubble.php","meta":{"_acf_changed":false,"inline_featured_image":false,"footnotes":""},"class_list":["post-343","page","type-page","status-publish","hentry"],"acf":[],"yoast_head":"<!-- This site is optimized with the Yoast SEO plugin v27.2 - https:\/\/yoast.com\/product\/yoast-seo-wordpress\/ -->\n<title>Gesch\u00e4ftskunden - nextbike Luzern<\/title>\n<meta name=\"description\" content=\"Jetzt unsere B2B-Produkte entdecken. Ob Werbung auf unseren R\u00e4dern oder MitarbeitendenRad - Wir haben das passende Angebot.\" \/>\n<meta name=\"robots\" content=\"index, follow, max-snippet:-1, max-image-preview:large, max-video-preview:-1\" \/>\n<link rel=\"canonical\" href=\"https:\/\/www.nextbike.ch\/de\/geschaeftskunden\/\" \/>\n<meta property=\"og:locale\" content=\"de_DE\" \/>\n<meta property=\"og:type\" content=\"article\" \/>\n<meta property=\"og:title\" content=\"Gesch\u00e4ftskunden - nextbike Luzern\" \/>\n<meta property=\"og:description\" content=\"Jetzt unsere B2B-Produkte entdecken. Ob Werbung auf unseren R\u00e4dern oder MitarbeitendenRad - Wir haben das passende Angebot.\" \/>\n<meta property=\"og:url\" content=\"https:\/\/www.nextbike.ch\/de\/geschaeftskunden\/\" \/>\n<meta property=\"og:site_name\" content=\"nextbike Luzern\" \/>\n<meta property=\"article:modified_time\" content=\"2026-03-06T10:15:13+00:00\" \/>\n<meta name=\"twitter:card\" content=\"summary_large_image\" \/>\n<meta name=\"twitter:label1\" content=\"Gesch\u00e4tzte Lesezeit\" \/>\n\t<meta name=\"twitter:data1\" content=\"3\u00a0Minuten\" \/>\n<script type=\"application\/ld+json\" class=\"yoast-schema-graph\">{\"@context\":\"https:\/\/schema.org\",\"@graph\":[{\"@type\":\"WebPage\",\"@id\":\"https:\/\/www.nextbike.ch\/de\/geschaeftskunden\/\",\"url\":\"https:\/\/www.nextbike.ch\/de\/geschaeftskunden\/\",\"name\":\"Gesch\u00e4ftskunden - nextbike Luzern\",\"isPartOf\":{\"@id\":\"https:\/\/www.nextbike.ch\/de\/#website\"},\"datePublished\":\"2023-03-09T13:18:01+00:00\",\"dateModified\":\"2026-03-06T10:15:13+00:00\",\"description\":\"Jetzt unsere B2B-Produkte entdecken. Ob Werbung auf unseren R\u00e4dern oder MitarbeitendenRad - Wir haben das passende Angebot.\",\"breadcrumb\":{\"@id\":\"https:\/\/www.nextbike.ch\/de\/geschaeftskunden\/#breadcrumb\"},\"inLanguage\":\"de\",\"potentialAction\":[{\"@type\":\"ReadAction\",\"target\":[\"https:\/\/www.nextbike.ch\/de\/geschaeftskunden\/\"]}]},{\"@type\":\"BreadcrumbList\",\"@id\":\"https:\/\/www.nextbike.ch\/de\/geschaeftskunden\/#breadcrumb\",\"itemListElement\":[{\"@type\":\"ListItem\",\"position\":1,\"name\":\"Startseite\",\"item\":\"https:\/\/www.nextbike.ch\/de\/\"},{\"@type\":\"ListItem\",\"position\":2,\"name\":\"Gesch\u00e4ftskunden\"}]},{\"@type\":\"WebSite\",\"@id\":\"https:\/\/www.nextbike.ch\/de\/#website\",\"url\":\"https:\/\/www.nextbike.ch\/de\/\",\"name\":\"nextbike Luzern\",\"description\":\"App downloaden und nextbike in Luzern fahren!\",\"potentialAction\":[{\"@type\":\"SearchAction\",\"target\":{\"@type\":\"EntryPoint\",\"urlTemplate\":\"https:\/\/www.nextbike.ch\/de\/?s={search_term_string}\"},\"query-input\":{\"@type\":\"PropertyValueSpecification\",\"valueRequired\":true,\"valueName\":\"search_term_string\"}}],\"inLanguage\":\"de\"}]}<\/script>\n<!-- \/ Yoast SEO plugin. -->","yoast_head_json":{"title":"Gesch\u00e4ftskunden - nextbike Luzern","description":"Jetzt unsere B2B-Produkte entdecken. Ob Werbung auf unseren R\u00e4dern oder MitarbeitendenRad - Wir haben das passende Angebot.","robots":{"index":"index","follow":"follow","max-snippet":"max-snippet:-1","max-image-preview":"max-image-preview:large","max-video-preview":"max-video-preview:-1"},"canonical":"https:\/\/www.nextbike.ch\/de\/geschaeftskunden\/","og_locale":"de_DE","og_type":"article","og_title":"Gesch\u00e4ftskunden - nextbike Luzern","og_description":"Jetzt unsere B2B-Produkte entdecken. Ob Werbung auf unseren R\u00e4dern oder MitarbeitendenRad - Wir haben das passende Angebot.","og_url":"https:\/\/www.nextbike.ch\/de\/geschaeftskunden\/","og_site_name":"nextbike Luzern","article_modified_time":"2026-03-06T10:15:13+00:00","twitter_card":"summary_large_image","twitter_misc":{"Gesch\u00e4tzte Lesezeit":"3\u00a0Minuten"},"schema":{"@context":"https:\/\/schema.org","@graph":[{"@type":"WebPage","@id":"https:\/\/www.nextbike.ch\/de\/geschaeftskunden\/","url":"https:\/\/www.nextbike.ch\/de\/geschaeftskunden\/","name":"Gesch\u00e4ftskunden - nextbike Luzern","isPartOf":{"@id":"https:\/\/www.nextbike.ch\/de\/#website"},"datePublished":"2023-03-09T13:18:01+00:00","dateModified":"2026-03-06T10:15:13+00:00","description":"Jetzt unsere B2B-Produkte entdecken. Ob Werbung auf unseren R\u00e4dern oder MitarbeitendenRad - Wir haben das passende Angebot.","breadcrumb":{"@id":"https:\/\/www.nextbike.ch\/de\/geschaeftskunden\/#breadcrumb"},"inLanguage":"de","potentialAction":[{"@type":"ReadAction","target":["https:\/\/www.nextbike.ch\/de\/geschaeftskunden\/"]}]},{"@type":"BreadcrumbList","@id":"https:\/\/www.nextbike.ch\/de\/geschaeftskunden\/#breadcrumb","itemListElement":[{"@type":"ListItem","position":1,"name":"Startseite","item":"https:\/\/www.nextbike.ch\/de\/"},{"@type":"ListItem","position":2,"name":"Gesch\u00e4ftskunden"}]},{"@type":"WebSite","@id":"https:\/\/www.nextbike.ch\/de\/#website","url":"https:\/\/www.nextbike.ch\/de\/","name":"nextbike Luzern","description":"App downloaden und nextbike in Luzern fahren!","potentialAction":[{"@type":"SearchAction","target":{"@type":"EntryPoint","urlTemplate":"https:\/\/www.nextbike.ch\/de\/?s={search_term_string}"},"query-input":{"@type":"PropertyValueSpecification","valueRequired":true,"valueName":"search_term_string"}}],"inLanguage":"de"}]}},"_links":{"self":[{"href":"https:\/\/www.nextbike.ch\/de\/wp-json\/wp\/v2\/pages\/343","targetHints":{"allow":["GET"]}}],"collection":[{"href":"https:\/\/www.nextbike.ch\/de\/wp-json\/wp\/v2\/pages"}],"about":[{"href":"https:\/\/www.nextbike.ch\/de\/wp-json\/wp\/v2\/types\/page"}],"author":[{"embeddable":true,"href":"https:\/\/www.nextbike.ch\/de\/wp-json\/wp\/v2\/users\/12"}],"replies":[{"embeddable":true,"href":"https:\/\/www.nextbike.ch\/de\/wp-json\/wp\/v2\/comments?post=343"}],"version-history":[{"count":102,"href":"https:\/\/www.nextbike.ch\/de\/wp-json\/wp\/v2\/pages\/343\/revisions"}],"predecessor-version":[{"id":837,"href":"https:\/\/www.nextbike.ch\/de\/wp-json\/wp\/v2\/pages\/343\/revisions\/837"}],"wp:attachment":[{"href":"https:\/\/www.nextbike.ch\/de\/wp-json\/wp\/v2\/media?parent=343"}],"curies":[{"name":"wp","href":"https:\/\/api.w.org\/{rel}","templated":true}]}}