{"id":460,"date":"2023-03-09T14:35:12","date_gmt":"2023-03-09T13:35:12","guid":{"rendered":"https:\/\/nextbike-live.pluspol-networks.de\/luzern\/geschaeftskunden-copy\/"},"modified":"2026-03-11T09:36:42","modified_gmt":"2026-03-11T08:36:42","slug":"partner","status":"publish","type":"page","link":"https:\/\/www.nextbike.ch\/de\/partner\/","title":{"rendered":"Partner-Verg\u00fcnstigungen"},"content":{"rendered":"<div class=\"wpb-content-wrapper\"><p>[vc_row equal_height=&#8220;yes&#8220; content_placement=&#8220;middle&#8220; css=&#8220;.vc_custom_1678369043756{margin-top: 30px !important;}&#8220;][vc_column width=&#8220;1\/2&#8243;][vc_column_text css=&#8220;&#8220;]<\/p>\n<h2>Jetzt Gratisfahrten sichern!<\/h2>\n<p>Einwohner*innen der Partnergemeinden genie\u00dfen\u00a0<strong>30 Freiminuten in der ganzen Zentralschweiz.\u00a0<\/strong>F\u00fcr jede weitere Viertelstunde zahlst du CHF 1.00. Der Tagesh\u00f6chstsatz betr\u00e4gt CHF 20.00.<strong><br \/>\n<\/strong>Die Verg\u00fcnstigung gilt nur f\u00fcr normale Velos. F\u00fcr E-Bikes gelten die <a href=\"https:\/\/www.nextbike.ch\/de\/#tarife\">Basis-Tarife<\/a>.<strong><br \/>\n<\/strong><\/p>\n<p>&nbsp;<\/p>\n<p><u>Die Partner-Verg\u00fcnstigung gilt in folgenden Partnergemeinden:<\/u><\/p>\n<p>Altdorf, Ballwil, Buchrain, Ebikon, Eich, Emmen, Ennetmoos, Eschenbach , Geuensee, Hergiswil, Hochdorf, Hohenrain, Horw, Inwil, Kriens, Stadt Luzern, Mauensee, Meggen, Neuenkirch, Nottwil, Oberdorf-Dallenwil, Oberkirch, Rothenburg, Ruswil, Sarnen, Schenkon, Sempach, Stans, Stansstad, Sursee, B\u00fcron, Werthenstein,\u00a0 Wolfenschiessen, Wolhusen<\/p>\n<p>&nbsp;<\/p>\n<p><strong>Hol&#8216; dir die Gratisfahrten:<\/strong><\/p>\n<ol>\n<li>W\u00e4hle in der nextbike App unter <strong>Wallet<\/strong>\u00a0\u2013\u00a0<strong>Abo-Tarif buchen<\/strong><\/li>\n<li>Mit deiner Stadt oder Gemeinde als Partner verkn\u00fcpfen<\/li>\n<li>Um die Verkn\u00fcpfung abzuschlie\u00dfen, alle entsprechenden Pflichtfelder ausf\u00fcllen<\/li>\n<\/ol>\n<p>&nbsp;<\/p>\n<p><strong>Sonderkonditionen, die mit einem Wohnort verkn\u00fcpft sind, d\u00fcrfen nur von den dort wohnhaften Personen eingel\u00f6st werden. Widerrechtliche Nutzung wird geahndet und nachtr\u00e4glich verrechnet.<\/strong>[\/vc_column_text][\/vc_column][vc_column width=&#8220;1\/2&#8243;][vc_single_image image=&#8220;755&#8243; img_size=&#8220;large&#8220; alignment=&#8220;center&#8220; css=&#8220;&#8220;][\/vc_column][\/vc_row]<\/p>\n<\/div>","protected":false},"excerpt":{"rendered":"<p>[vc_row equal_height=&#8220;yes&#8220; content_placement=&#8220;middle&#8220; css=&#8220;.vc_custom_1678369043756{margin-top: 30px !important;}&#8220;][vc_column width=&#8220;1\/2&#8243;][vc_column_text css=&#8220;&#8220;] Jetzt Gratisfahrten sichern! Einwohner*innen der Partnergemeinden genie\u00dfen\u00a030 Freiminuten in der ganzen Zentralschweiz.\u00a0F\u00fcr jede weitere Viertelstunde zahlst du CHF 1.00. Der Tagesh\u00f6chstsatz betr\u00e4gt CHF 20.00. Die Verg\u00fcnstigung gilt nur f\u00fcr normale Velos. F\u00fcr E-Bikes gelten die Basis-Tarife. &nbsp; Die Partner-Verg\u00fcnstigung gilt in folgenden Partnergemeinden: Altdorf, Ballwil, Buchrain, Ebikon, [&hellip;]<\/p>\n","protected":false},"author":12,"featured_media":0,"parent":0,"menu_order":0,"comment_status":"closed","ping_status":"closed","template":"page-bubble.php","meta":{"_acf_changed":false,"inline_featured_image":false,"footnotes":""},"class_list":["post-460","page","type-page","status-publish","hentry"],"acf":[],"yoast_head":"<!-- This site is optimized with the Yoast SEO plugin v27.2 - https:\/\/yoast.com\/product\/yoast-seo-wordpress\/ -->\n<title>30 Freiminuten in folgenden Partnergemeinden sichern<\/title>\n<meta name=\"description\" content=\"Einwohner*innen der Partnergemeinden genie\u00dfen 30 Freiminuten in der ganzen Zentralschweiz. Unsere Gemeinden hier im \u00dcberblick.\" \/>\n<meta name=\"robots\" content=\"index, follow, max-snippet:-1, max-image-preview:large, max-video-preview:-1\" \/>\n<link rel=\"canonical\" href=\"https:\/\/www.nextbike.ch\/de\/partner\/\" \/>\n<meta property=\"og:locale\" content=\"de_DE\" \/>\n<meta property=\"og:type\" content=\"article\" \/>\n<meta property=\"og:title\" content=\"30 Freiminuten in folgenden Partnergemeinden sichern\" \/>\n<meta property=\"og:description\" content=\"Einwohner*innen der Partnergemeinden genie\u00dfen 30 Freiminuten in der ganzen Zentralschweiz. Unsere Gemeinden hier im \u00dcberblick.\" \/>\n<meta property=\"og:url\" content=\"https:\/\/www.nextbike.ch\/de\/partner\/\" \/>\n<meta property=\"og:site_name\" content=\"nextbike Luzern\" \/>\n<meta property=\"article:modified_time\" content=\"2026-03-11T08:36:42+00:00\" \/>\n<meta name=\"twitter:card\" content=\"summary_large_image\" \/>\n<meta name=\"twitter:label1\" content=\"Gesch\u00e4tzte Lesezeit\" \/>\n\t<meta name=\"twitter:data1\" content=\"1\u00a0Minute\" \/>\n<script type=\"application\/ld+json\" class=\"yoast-schema-graph\">{\"@context\":\"https:\/\/schema.org\",\"@graph\":[{\"@type\":\"WebPage\",\"@id\":\"https:\/\/www.nextbike.ch\/de\/partner\/\",\"url\":\"https:\/\/www.nextbike.ch\/de\/partner\/\",\"name\":\"30 Freiminuten in folgenden Partnergemeinden sichern\",\"isPartOf\":{\"@id\":\"https:\/\/www.nextbike.ch\/de\/#website\"},\"datePublished\":\"2023-03-09T13:35:12+00:00\",\"dateModified\":\"2026-03-11T08:36:42+00:00\",\"description\":\"Einwohner*innen der Partnergemeinden genie\u00dfen 30 Freiminuten in der ganzen Zentralschweiz. Unsere Gemeinden hier im \u00dcberblick.\",\"breadcrumb\":{\"@id\":\"https:\/\/www.nextbike.ch\/de\/partner\/#breadcrumb\"},\"inLanguage\":\"de\",\"potentialAction\":[{\"@type\":\"ReadAction\",\"target\":[\"https:\/\/www.nextbike.ch\/de\/partner\/\"]}]},{\"@type\":\"BreadcrumbList\",\"@id\":\"https:\/\/www.nextbike.ch\/de\/partner\/#breadcrumb\",\"itemListElement\":[{\"@type\":\"ListItem\",\"position\":1,\"name\":\"Startseite\",\"item\":\"https:\/\/www.nextbike.ch\/de\/\"},{\"@type\":\"ListItem\",\"position\":2,\"name\":\"Partner-Verg\u00fcnstigungen\"}]},{\"@type\":\"WebSite\",\"@id\":\"https:\/\/www.nextbike.ch\/de\/#website\",\"url\":\"https:\/\/www.nextbike.ch\/de\/\",\"name\":\"nextbike Luzern\",\"description\":\"App downloaden und nextbike in Luzern fahren!\",\"potentialAction\":[{\"@type\":\"SearchAction\",\"target\":{\"@type\":\"EntryPoint\",\"urlTemplate\":\"https:\/\/www.nextbike.ch\/de\/?s={search_term_string}\"},\"query-input\":{\"@type\":\"PropertyValueSpecification\",\"valueRequired\":true,\"valueName\":\"search_term_string\"}}],\"inLanguage\":\"de\"}]}<\/script>\n<!-- \/ Yoast SEO plugin. -->","yoast_head_json":{"title":"30 Freiminuten in folgenden Partnergemeinden sichern","description":"Einwohner*innen der Partnergemeinden genie\u00dfen 30 Freiminuten in der ganzen Zentralschweiz. Unsere Gemeinden hier im \u00dcberblick.","robots":{"index":"index","follow":"follow","max-snippet":"max-snippet:-1","max-image-preview":"max-image-preview:large","max-video-preview":"max-video-preview:-1"},"canonical":"https:\/\/www.nextbike.ch\/de\/partner\/","og_locale":"de_DE","og_type":"article","og_title":"30 Freiminuten in folgenden Partnergemeinden sichern","og_description":"Einwohner*innen der Partnergemeinden genie\u00dfen 30 Freiminuten in der ganzen Zentralschweiz. Unsere Gemeinden hier im \u00dcberblick.","og_url":"https:\/\/www.nextbike.ch\/de\/partner\/","og_site_name":"nextbike Luzern","article_modified_time":"2026-03-11T08:36:42+00:00","twitter_card":"summary_large_image","twitter_misc":{"Gesch\u00e4tzte Lesezeit":"1\u00a0Minute"},"schema":{"@context":"https:\/\/schema.org","@graph":[{"@type":"WebPage","@id":"https:\/\/www.nextbike.ch\/de\/partner\/","url":"https:\/\/www.nextbike.ch\/de\/partner\/","name":"30 Freiminuten in folgenden Partnergemeinden sichern","isPartOf":{"@id":"https:\/\/www.nextbike.ch\/de\/#website"},"datePublished":"2023-03-09T13:35:12+00:00","dateModified":"2026-03-11T08:36:42+00:00","description":"Einwohner*innen der Partnergemeinden genie\u00dfen 30 Freiminuten in der ganzen Zentralschweiz. Unsere Gemeinden hier im \u00dcberblick.","breadcrumb":{"@id":"https:\/\/www.nextbike.ch\/de\/partner\/#breadcrumb"},"inLanguage":"de","potentialAction":[{"@type":"ReadAction","target":["https:\/\/www.nextbike.ch\/de\/partner\/"]}]},{"@type":"BreadcrumbList","@id":"https:\/\/www.nextbike.ch\/de\/partner\/#breadcrumb","itemListElement":[{"@type":"ListItem","position":1,"name":"Startseite","item":"https:\/\/www.nextbike.ch\/de\/"},{"@type":"ListItem","position":2,"name":"Partner-Verg\u00fcnstigungen"}]},{"@type":"WebSite","@id":"https:\/\/www.nextbike.ch\/de\/#website","url":"https:\/\/www.nextbike.ch\/de\/","name":"nextbike Luzern","description":"App downloaden und nextbike in Luzern fahren!","potentialAction":[{"@type":"SearchAction","target":{"@type":"EntryPoint","urlTemplate":"https:\/\/www.nextbike.ch\/de\/?s={search_term_string}"},"query-input":{"@type":"PropertyValueSpecification","valueRequired":true,"valueName":"search_term_string"}}],"inLanguage":"de"}]}},"_links":{"self":[{"href":"https:\/\/www.nextbike.ch\/de\/wp-json\/wp\/v2\/pages\/460","targetHints":{"allow":["GET"]}}],"collection":[{"href":"https:\/\/www.nextbike.ch\/de\/wp-json\/wp\/v2\/pages"}],"about":[{"href":"https:\/\/www.nextbike.ch\/de\/wp-json\/wp\/v2\/types\/page"}],"author":[{"embeddable":true,"href":"https:\/\/www.nextbike.ch\/de\/wp-json\/wp\/v2\/users\/12"}],"replies":[{"embeddable":true,"href":"https:\/\/www.nextbike.ch\/de\/wp-json\/wp\/v2\/comments?post=460"}],"version-history":[{"count":19,"href":"https:\/\/www.nextbike.ch\/de\/wp-json\/wp\/v2\/pages\/460\/revisions"}],"predecessor-version":[{"id":841,"href":"https:\/\/www.nextbike.ch\/de\/wp-json\/wp\/v2\/pages\/460\/revisions\/841"}],"wp:attachment":[{"href":"https:\/\/www.nextbike.ch\/de\/wp-json\/wp\/v2\/media?parent=460"}],"curies":[{"name":"wp","href":"https:\/\/api.w.org\/{rel}","templated":true}]}}