{"id":65,"date":"2022-08-26T13:50:08","date_gmt":"2022-08-26T11:50:08","guid":{"rendered":"https:\/\/nextbike-live.pluspol-networks.de\/luzern\/?page_id=65"},"modified":"2024-04-26T11:29:14","modified_gmt":"2024-04-26T09:29:14","slug":"gebuehr","status":"publish","type":"page","link":"https:\/\/www.nextbike.ch\/de\/gebuehr\/","title":{"rendered":"Geb\u00fchr"},"content":{"rendered":"<div class=\"wpb-content-wrapper\"><p>[vc_row][vc_column][vc_column_text]<\/p>\n<h2>Information zur Geb\u00fchr<\/h2>\n<p>[\/vc_column_text][vc_column_text css=&#8220;&#8220;]<\/p>\n<div class=\"row_wrap\">\n<div class=\"wp-block-columns row_xxl\">\n<div class=\"wp-block-column col-12 col-sm-auto\">\n<h2><strong style=\"font-size: 16px;\">Liebe\/r Nutzer*in,<\/strong><\/h2>\n<\/div>\n<\/div>\n<\/div>\n<div class=\"row_wrap\">\n<div class=\"wp-block-columns row_xxl\">\n<div class=\"wp-block-column col-12 col-sm-auto\">du hast das Velo oder E-Bike unsachgem\u00e4\u00df zur\u00fcckgegeben. Velos d\u00fcrfen nur an einer der zahlreichen nextbike-Stationen in der Zentralschweiz, E-Bikes nur an E-Bike-Stationen in Luzern, Hochdorf, Ballwil, Eschenbach oder Inwil abgestellt werden. F\u00fcr die unsachgem\u00e4\u00dfe R\u00fcckgabe wird eine Geb\u00fchr von 20 CHF f\u00fcr Velos und 25 CHF f\u00fcr E-Bikes pro Ausleihe f\u00e4llig. Bei der ersten unsachgem\u00e4\u00dfen R\u00fcckgabe abseits einer Station berechnen wir diesen noch nicht. Bei Wiederholung wird die Geb\u00fchr berechnet.<\/div>\n<div><\/div>\n<div class=\"wp-block-column col-12 col-sm-auto\">Du kannst die Geb\u00fchr noch abwenden: Gehe zur\u00fcck zum Velo oder E-Bike und leihe es erneut aus. Mache dies nicht aus der Ferne, da das Schloss automatisch \u00f6ffnet. Die neue Ausleihe wird mit der alten verschmolzen und die Geb\u00fchr f\u00fcr unsachgem\u00e4\u00dfe R\u00fcckgabe gel\u00f6scht, wenn du das Velo nun ordnungsgem\u00e4\u00df zur\u00fcckgibst.<\/div>\n<div><\/div>\n<div class=\"wp-block-column col-12 col-sm-auto\">Angefallene Geb\u00fchren kannst du in der Ausleihhistorie in deiner App oder in deinem Kundenkonto \u00fcber den Webseiten-Login einsehen. Alle Preise und Tarife f\u00fcr nextbike Zentralschweiz kannst du unter \u201eTarife\u201c einsehen.<\/div>\n<p>&nbsp;<\/p>\n<\/div>\n<\/div>\n<div class=\"row_wrap\">\n<div class=\"wp-block-columns row_xxl\">\n<div class=\"wp-block-column col-12 col-sm-auto\"><strong>Welche R\u00fcckgabe-Optionen hast du bei nextbike Zentralschweiz?<\/strong><\/div>\n<\/div>\n<\/div>\n<div class=\"row_wrap\">\n<div class=\"wp-block-columns row_xxl\">\n<div class=\"wp-block-column col-12 col-sm-auto\">\n<p>&nbsp;<\/p>\n<h5><strong>An Stationen:<\/strong><\/h5>\n<p>Du kannst unsere Velos an jeder offiziellen nextbike-Station in der Zentralschweiz zur\u00fcckgeben.<br \/>\nStationen befinden sich in <strong><a href=\"https:\/\/www.nextbike.ch\/de\/#so-gehts\" target=\"_blank\" rel=\"noopener\">folgenden Ortschaften<\/a><\/strong>.<\/p>\n<h5>An E-Bike-Stationen:<\/h5>\n<p>E-Bikes d\u00fcrfen lediglich an E-Bike-Stationen in Luzern, Hochdorf, Ballwil, Eschenbach oder Inwil zur\u00fcckgegeben werden. Velos d\u00fcrfen hier selbstverst\u00e4ndlich auch abgestellt werden. E-Bike-Stationen erkennst du in der Karte an dem Blitz-Symbol.<\/p>\n<h5>Abseits von Stationen:<\/h5>\n<p>Velos und E-Bikes d\u00fcrfen nicht abseits der oben genannten Stationen in der Zentralschweiz abgestellt werden. Es gibt keine Flexzone! F\u00fcr unsachgem\u00e4\u00dfe R\u00fcckgaben wird automatisch eine Geb\u00fchr von mind. 20 CHF f\u00fcr Velos und 25 CHF f\u00fcr E-Bikes berechnet.<\/p>\n<p>&nbsp;<\/p>\n<\/div>\n<\/div>\n<\/div>\n<div class=\"row_wrap\">\n<div class=\"wp-block-columns row_xxl\">\n<div class=\"wp-block-column col-12 col-sm-auto\"><strong>Irrt\u00fcmliche Geb\u00fchren? Was nun?<\/strong><\/div>\n<\/div>\n<\/div>\n<div class=\"row_wrap\">\n<div class=\"wp-block-columns row_xxl\">\n<div class=\"wp-block-column col-12 col-sm-auto\">Aufgrund von leichten GPS-Abweichungen kann es passieren, dass dir eine Geb\u00fchr f\u00fcr unsachgem\u00e4\u00dfe R\u00fcckgabe berechnet wird, obwohl du das Velo an einer Station abgestellt hast. Kein Problem. Kontaktiere unsere Hotline unter <a href=\"tel:+41415080800\">+41 41 50 80 800<\/a> oder schicke uns eine Nachricht per App mit deiner registrierten Handynummer, Velonummer und kurzer Schilderung des Sachverhalts. Wir berichtigen die Ausleihe.<\/div>\n<p>&nbsp;<\/p>\n<p>&nbsp;<\/p>\n<\/div>\n<\/div>\n<div class=\"row_wrap\">\n<div class=\"wp-block-columns row_xxl\"><\/div>\n<\/div>\n<p>[\/vc_column_text][\/vc_column][\/vc_row]<\/p>\n<\/div>","protected":false},"excerpt":{"rendered":"<p>[vc_row][vc_column][vc_column_text] Information zur Geb\u00fchr [\/vc_column_text][vc_column_text css=&#8220;&#8220;] Liebe\/r Nutzer*in, du hast das Velo oder E-Bike unsachgem\u00e4\u00df zur\u00fcckgegeben. Velos d\u00fcrfen nur an einer der zahlreichen nextbike-Stationen in der Zentralschweiz, E-Bikes nur an E-Bike-Stationen in Luzern, Hochdorf, Ballwil, Eschenbach oder Inwil abgestellt werden. F\u00fcr die unsachgem\u00e4\u00dfe R\u00fcckgabe wird eine Geb\u00fchr von 20 CHF f\u00fcr Velos und 25 CHF [&hellip;]<\/p>\n","protected":false},"author":2,"featured_media":0,"parent":0,"menu_order":0,"comment_status":"closed","ping_status":"closed","template":"page-bubble.php","meta":{"_acf_changed":false,"inline_featured_image":false,"footnotes":""},"class_list":["post-65","page","type-page","status-publish","hentry"],"acf":[],"yoast_head":"<!-- This site is optimized with the Yoast SEO plugin v27.2 - https:\/\/yoast.com\/product\/yoast-seo-wordpress\/ -->\n<title>Geb\u00fchr - nextbike Luzern<\/title>\n<meta name=\"robots\" content=\"index, follow, max-snippet:-1, max-image-preview:large, max-video-preview:-1\" \/>\n<link rel=\"canonical\" href=\"https:\/\/www.nextbike.ch\/de\/gebuehr\/\" \/>\n<meta property=\"og:locale\" content=\"de_DE\" \/>\n<meta property=\"og:type\" content=\"article\" \/>\n<meta property=\"og:title\" content=\"Geb\u00fchr - nextbike Luzern\" \/>\n<meta property=\"og:description\" content=\"[vc_row][vc_column][vc_column_text] Information zur Geb\u00fchr [\/vc_column_text][vc_column_text css=&#8220;&#8220;] Liebe\/r Nutzer*in, du hast das Velo oder E-Bike unsachgem\u00e4\u00df zur\u00fcckgegeben. Velos d\u00fcrfen nur an einer der zahlreichen nextbike-Stationen in der Zentralschweiz, E-Bikes nur an E-Bike-Stationen in Luzern, Hochdorf, Ballwil, Eschenbach oder Inwil abgestellt werden. F\u00fcr die unsachgem\u00e4\u00dfe R\u00fcckgabe wird eine Geb\u00fchr von 20 CHF f\u00fcr Velos und 25 CHF [&hellip;]\" \/>\n<meta property=\"og:url\" content=\"https:\/\/www.nextbike.ch\/de\/gebuehr\/\" \/>\n<meta property=\"og:site_name\" content=\"nextbike Luzern\" \/>\n<meta property=\"article:modified_time\" content=\"2024-04-26T09:29:14+00:00\" \/>\n<meta name=\"twitter:card\" content=\"summary_large_image\" \/>\n<meta name=\"twitter:label1\" content=\"Gesch\u00e4tzte Lesezeit\" \/>\n\t<meta name=\"twitter:data1\" content=\"2\u00a0Minuten\" \/>\n<script type=\"application\/ld+json\" class=\"yoast-schema-graph\">{\"@context\":\"https:\/\/schema.org\",\"@graph\":[{\"@type\":\"WebPage\",\"@id\":\"https:\/\/www.nextbike.ch\/de\/gebuehr\/\",\"url\":\"https:\/\/www.nextbike.ch\/de\/gebuehr\/\",\"name\":\"Geb\u00fchr - nextbike Luzern\",\"isPartOf\":{\"@id\":\"https:\/\/www.nextbike.ch\/de\/#website\"},\"datePublished\":\"2022-08-26T11:50:08+00:00\",\"dateModified\":\"2024-04-26T09:29:14+00:00\",\"breadcrumb\":{\"@id\":\"https:\/\/www.nextbike.ch\/de\/gebuehr\/#breadcrumb\"},\"inLanguage\":\"de\",\"potentialAction\":[{\"@type\":\"ReadAction\",\"target\":[\"https:\/\/www.nextbike.ch\/de\/gebuehr\/\"]}]},{\"@type\":\"BreadcrumbList\",\"@id\":\"https:\/\/www.nextbike.ch\/de\/gebuehr\/#breadcrumb\",\"itemListElement\":[{\"@type\":\"ListItem\",\"position\":1,\"name\":\"Startseite\",\"item\":\"https:\/\/www.nextbike.ch\/de\/\"},{\"@type\":\"ListItem\",\"position\":2,\"name\":\"Geb\u00fchr\"}]},{\"@type\":\"WebSite\",\"@id\":\"https:\/\/www.nextbike.ch\/de\/#website\",\"url\":\"https:\/\/www.nextbike.ch\/de\/\",\"name\":\"nextbike Luzern\",\"description\":\"App downloaden und nextbike in Luzern fahren!\",\"potentialAction\":[{\"@type\":\"SearchAction\",\"target\":{\"@type\":\"EntryPoint\",\"urlTemplate\":\"https:\/\/www.nextbike.ch\/de\/?s={search_term_string}\"},\"query-input\":{\"@type\":\"PropertyValueSpecification\",\"valueRequired\":true,\"valueName\":\"search_term_string\"}}],\"inLanguage\":\"de\"}]}<\/script>\n<!-- \/ Yoast SEO plugin. -->","yoast_head_json":{"title":"Geb\u00fchr - nextbike Luzern","robots":{"index":"index","follow":"follow","max-snippet":"max-snippet:-1","max-image-preview":"max-image-preview:large","max-video-preview":"max-video-preview:-1"},"canonical":"https:\/\/www.nextbike.ch\/de\/gebuehr\/","og_locale":"de_DE","og_type":"article","og_title":"Geb\u00fchr - nextbike Luzern","og_description":"[vc_row][vc_column][vc_column_text] Information zur Geb\u00fchr [\/vc_column_text][vc_column_text css=&#8220;&#8220;] Liebe\/r Nutzer*in, du hast das Velo oder E-Bike unsachgem\u00e4\u00df zur\u00fcckgegeben. Velos d\u00fcrfen nur an einer der zahlreichen nextbike-Stationen in der Zentralschweiz, E-Bikes nur an E-Bike-Stationen in Luzern, Hochdorf, Ballwil, Eschenbach oder Inwil abgestellt werden. F\u00fcr die unsachgem\u00e4\u00dfe R\u00fcckgabe wird eine Geb\u00fchr von 20 CHF f\u00fcr Velos und 25 CHF [&hellip;]","og_url":"https:\/\/www.nextbike.ch\/de\/gebuehr\/","og_site_name":"nextbike Luzern","article_modified_time":"2024-04-26T09:29:14+00:00","twitter_card":"summary_large_image","twitter_misc":{"Gesch\u00e4tzte Lesezeit":"2\u00a0Minuten"},"schema":{"@context":"https:\/\/schema.org","@graph":[{"@type":"WebPage","@id":"https:\/\/www.nextbike.ch\/de\/gebuehr\/","url":"https:\/\/www.nextbike.ch\/de\/gebuehr\/","name":"Geb\u00fchr - nextbike Luzern","isPartOf":{"@id":"https:\/\/www.nextbike.ch\/de\/#website"},"datePublished":"2022-08-26T11:50:08+00:00","dateModified":"2024-04-26T09:29:14+00:00","breadcrumb":{"@id":"https:\/\/www.nextbike.ch\/de\/gebuehr\/#breadcrumb"},"inLanguage":"de","potentialAction":[{"@type":"ReadAction","target":["https:\/\/www.nextbike.ch\/de\/gebuehr\/"]}]},{"@type":"BreadcrumbList","@id":"https:\/\/www.nextbike.ch\/de\/gebuehr\/#breadcrumb","itemListElement":[{"@type":"ListItem","position":1,"name":"Startseite","item":"https:\/\/www.nextbike.ch\/de\/"},{"@type":"ListItem","position":2,"name":"Geb\u00fchr"}]},{"@type":"WebSite","@id":"https:\/\/www.nextbike.ch\/de\/#website","url":"https:\/\/www.nextbike.ch\/de\/","name":"nextbike Luzern","description":"App downloaden und nextbike in Luzern fahren!","potentialAction":[{"@type":"SearchAction","target":{"@type":"EntryPoint","urlTemplate":"https:\/\/www.nextbike.ch\/de\/?s={search_term_string}"},"query-input":{"@type":"PropertyValueSpecification","valueRequired":true,"valueName":"search_term_string"}}],"inLanguage":"de"}]}},"_links":{"self":[{"href":"https:\/\/www.nextbike.ch\/de\/wp-json\/wp\/v2\/pages\/65","targetHints":{"allow":["GET"]}}],"collection":[{"href":"https:\/\/www.nextbike.ch\/de\/wp-json\/wp\/v2\/pages"}],"about":[{"href":"https:\/\/www.nextbike.ch\/de\/wp-json\/wp\/v2\/types\/page"}],"author":[{"embeddable":true,"href":"https:\/\/www.nextbike.ch\/de\/wp-json\/wp\/v2\/users\/2"}],"replies":[{"embeddable":true,"href":"https:\/\/www.nextbike.ch\/de\/wp-json\/wp\/v2\/comments?post=65"}],"version-history":[{"count":11,"href":"https:\/\/www.nextbike.ch\/de\/wp-json\/wp\/v2\/pages\/65\/revisions"}],"predecessor-version":[{"id":732,"href":"https:\/\/www.nextbike.ch\/de\/wp-json\/wp\/v2\/pages\/65\/revisions\/732"}],"wp:attachment":[{"href":"https:\/\/www.nextbike.ch\/de\/wp-json\/wp\/v2\/media?parent=65"}],"curies":[{"name":"wp","href":"https:\/\/api.w.org\/{rel}","templated":true}]}}