{"id":150,"date":"2022-08-26T13:50:08","date_gmt":"2022-08-26T11:50:08","guid":{"rendered":"https:\/\/nextbike-live.pluspol-networks.de\/luzern\/frais\/"},"modified":"2024-04-26T11:31:30","modified_gmt":"2024-04-26T09:31:30","slug":"frais","status":"publish","type":"page","link":"https:\/\/www.nextbike.ch\/fr\/frais\/","title":{"rendered":"frais"},"content":{"rendered":"<h2>Informations relatives aux frais de service<\/h2>\n<p>&nbsp;<\/p>\n<p><strong>Cher\/ch\u00e8re utilisateur\/trice*, <\/strong><\/p>\n<p>tu as restitu\u00e9 le v\u00e9lo ou l&rsquo;e-bike de mani\u00e8re inappropri\u00e9e. Les v\u00e9los classiques ne peuvent \u00eatre d\u00e9pos\u00e9s qu&rsquo;\u00e0 l&rsquo;une des nombreuses stations qui font partie du syst\u00e8me VLS de nextbike Suisse centrale, les v\u00e9los \u00e0 assistance \u00e9lectrique exclusivement aux stations de la ville de Lucerne, Hochdorf, Ballwil, Eschenbach ou Inwil. En cas de restitution incorrecte, des frais de service de 20 CHF pour les v\u00e9los et de 25 CHF pour les v\u00e9los \u00e9lectriques seront d\u00e9bit\u00e9s de ton compte client. Nous sommes conciliants et ne facturons pas les frais la premi\u00e8re fois. En cas de r\u00e9cidive, les frais de service seront appliqu\u00e9s.<\/p>\n<p>Tu peux encore \u00e9viter de payer les frais de service : Retourne au v\u00e9lo et proc\u00e8de \u00e0 nouveau \u00e0 la location. Ne le fais pas \u00e0 distance, car le cadenas s&rsquo;ouvre automatiquement. La nouvelle location sera fusionn\u00e9e avec la pr\u00e9c\u00e9dente et les frais de service ne seront pas d\u00e9bit\u00e9s si tu restitue le v\u00e9lo correctement.<\/p>\n<p>Tu peux consulter les frais encourus dans l&rsquo;historique des locations sur l\u2019application ou dans ton compte client via le login du site web. Tu peux consulter tous les prix et tarifs de nextbike Suisse centrale dans la rubrique \u00ab\u00a0Tarifs\u00a0\u00bb.<\/p>\n<p>&nbsp;<\/p>\n<h4>Quelles sont les conditions de restitution du syst\u00e8me VLS nextbike Suisse centrale ?<\/h4>\n<p>&nbsp;<\/p>\n<h5>En stations :<\/h5>\n<p>Tu peux restituer les v\u00e9los m\u00e9caniques dans toutes les stations officielles de nextbike en Suisse centrale. Les v\u00e9los \u00e0 assistance \u00e9lectrique doivent \u00eatre exclusivement restitu\u00e9s aux stations au sein de la ville de Lucerne, Hochdorf, Ballwil, Eschenbach ou Inwil. Les stations se trouvent dans les <a href=\"https:\/\/www.nextbike.ch\/fr\/#comment-ca-marche\">localit\u00e9s suivantes<\/a>.<\/p>\n<h5>En dehors des stations :<\/h5>\n<p>Les v\u00e9los classiques et \u00e0 assistance \u00e9lectrique ne peuvent pas \u00eatre restitu\u00e9s en dehors des stations officielles nextbike en Suisse centrale. Il n&rsquo;y a pas de flexzone ! Des frais d&rsquo;au moins 20 CHF pour les v\u00e9los et 25 CHF pour les e-bikes sont automatiquement factur\u00e9s pour les retours non conformes.<\/p>\n<p>&nbsp;<\/p>\n<p>&nbsp;<\/p>\n<p><strong>Que faire en cas d\u2019erreurs de facturation ?\u00a0<\/strong><\/p>\n<p>En raison de l\u00e9g\u00e8res divergences GPS, il peut arriver que l&rsquo;on te facture des frais pour restitution incorrecte alors que tu as laiss\u00e9 le v\u00e9lo \u00e0 une station. Ne te fais pas de soucis. Contacte notre ligne d\u2019assistance au +41 41 50 80 800 ou envoie-nous un message par l\u2019appli avec ton num\u00e9ro de portable enregistr\u00e9, le num\u00e9ro du v\u00e9lo et une br\u00e8ve description des faits. Nous rectifierons la location.<\/p>\n","protected":false},"excerpt":{"rendered":"<p>Informations relatives aux frais de service &nbsp; Cher\/ch\u00e8re utilisateur\/trice*, tu as restitu\u00e9 le v\u00e9lo ou l&rsquo;e-bike de mani\u00e8re inappropri\u00e9e. Les v\u00e9los classiques ne peuvent \u00eatre d\u00e9pos\u00e9s qu&rsquo;\u00e0 l&rsquo;une des nombreuses stations qui font partie du syst\u00e8me VLS de nextbike Suisse centrale, les v\u00e9los \u00e0 assistance \u00e9lectrique exclusivement aux stations de la ville de Lucerne, Hochdorf, [&hellip;]<\/p>\n","protected":false},"author":2,"featured_media":0,"parent":0,"menu_order":0,"comment_status":"closed","ping_status":"closed","template":"page-bubble.php","meta":{"_acf_changed":false,"inline_featured_image":false,"footnotes":""},"class_list":["post-150","page","type-page","status-publish","hentry"],"acf":[],"yoast_head":"<!-- This site is optimized with the Yoast SEO plugin v27.2 - https:\/\/yoast.com\/product\/yoast-seo-wordpress\/ -->\n<title>frais - nextbike Luzern<\/title>\n<meta name=\"robots\" content=\"index, follow, max-snippet:-1, max-image-preview:large, max-video-preview:-1\" \/>\n<link rel=\"canonical\" href=\"https:\/\/www.nextbike.ch\/fr\/frais\/\" \/>\n<meta property=\"og:locale\" content=\"fr_FR\" \/>\n<meta property=\"og:type\" content=\"article\" \/>\n<meta property=\"og:title\" content=\"frais - nextbike Luzern\" \/>\n<meta property=\"og:description\" content=\"Informations relatives aux frais de service &nbsp; Cher\/ch\u00e8re utilisateur\/trice*, tu as restitu\u00e9 le v\u00e9lo ou l&rsquo;e-bike de mani\u00e8re inappropri\u00e9e. Les v\u00e9los classiques ne peuvent \u00eatre d\u00e9pos\u00e9s qu&rsquo;\u00e0 l&rsquo;une des nombreuses stations qui font partie du syst\u00e8me VLS de nextbike Suisse centrale, les v\u00e9los \u00e0 assistance \u00e9lectrique exclusivement aux stations de la ville de Lucerne, Hochdorf, [&hellip;]\" \/>\n<meta property=\"og:url\" content=\"https:\/\/www.nextbike.ch\/fr\/frais\/\" \/>\n<meta property=\"og:site_name\" content=\"nextbike Luzern\" \/>\n<meta property=\"article:modified_time\" content=\"2024-04-26T09:31:30+00:00\" \/>\n<meta name=\"twitter:card\" content=\"summary_large_image\" \/>\n<meta name=\"twitter:label1\" content=\"Dur\u00e9e de lecture estim\u00e9e\" \/>\n\t<meta name=\"twitter:data1\" content=\"2 minutes\" \/>\n<script type=\"application\/ld+json\" class=\"yoast-schema-graph\">{\"@context\":\"https:\/\/schema.org\",\"@graph\":[{\"@type\":\"WebPage\",\"@id\":\"https:\/\/www.nextbike.ch\/fr\/frais\/\",\"url\":\"https:\/\/www.nextbike.ch\/fr\/frais\/\",\"name\":\"frais - nextbike Luzern\",\"isPartOf\":{\"@id\":\"https:\/\/www.nextbike.ch\/fr\/#website\"},\"datePublished\":\"2022-08-26T11:50:08+00:00\",\"dateModified\":\"2024-04-26T09:31:30+00:00\",\"breadcrumb\":{\"@id\":\"https:\/\/www.nextbike.ch\/fr\/frais\/#breadcrumb\"},\"inLanguage\":\"fr-FR\",\"potentialAction\":[{\"@type\":\"ReadAction\",\"target\":[\"https:\/\/www.nextbike.ch\/fr\/frais\/\"]}]},{\"@type\":\"BreadcrumbList\",\"@id\":\"https:\/\/www.nextbike.ch\/fr\/frais\/#breadcrumb\",\"itemListElement\":[{\"@type\":\"ListItem\",\"position\":1,\"name\":\"Startseite\",\"item\":\"https:\/\/www.nextbike.ch\/fr\/\"},{\"@type\":\"ListItem\",\"position\":2,\"name\":\"frais\"}]},{\"@type\":\"WebSite\",\"@id\":\"https:\/\/www.nextbike.ch\/fr\/#website\",\"url\":\"https:\/\/www.nextbike.ch\/fr\/\",\"name\":\"nextbike Luzern\",\"description\":\"App downloaden und nextbike in Luzern fahren!\",\"potentialAction\":[{\"@type\":\"SearchAction\",\"target\":{\"@type\":\"EntryPoint\",\"urlTemplate\":\"https:\/\/www.nextbike.ch\/fr\/?s={search_term_string}\"},\"query-input\":{\"@type\":\"PropertyValueSpecification\",\"valueRequired\":true,\"valueName\":\"search_term_string\"}}],\"inLanguage\":\"fr-FR\"}]}<\/script>\n<!-- \/ Yoast SEO plugin. -->","yoast_head_json":{"title":"frais - nextbike Luzern","robots":{"index":"index","follow":"follow","max-snippet":"max-snippet:-1","max-image-preview":"max-image-preview:large","max-video-preview":"max-video-preview:-1"},"canonical":"https:\/\/www.nextbike.ch\/fr\/frais\/","og_locale":"fr_FR","og_type":"article","og_title":"frais - nextbike Luzern","og_description":"Informations relatives aux frais de service &nbsp; Cher\/ch\u00e8re utilisateur\/trice*, tu as restitu\u00e9 le v\u00e9lo ou l&rsquo;e-bike de mani\u00e8re inappropri\u00e9e. Les v\u00e9los classiques ne peuvent \u00eatre d\u00e9pos\u00e9s qu&rsquo;\u00e0 l&rsquo;une des nombreuses stations qui font partie du syst\u00e8me VLS de nextbike Suisse centrale, les v\u00e9los \u00e0 assistance \u00e9lectrique exclusivement aux stations de la ville de Lucerne, Hochdorf, [&hellip;]","og_url":"https:\/\/www.nextbike.ch\/fr\/frais\/","og_site_name":"nextbike Luzern","article_modified_time":"2024-04-26T09:31:30+00:00","twitter_card":"summary_large_image","twitter_misc":{"Dur\u00e9e de lecture estim\u00e9e":"2 minutes"},"schema":{"@context":"https:\/\/schema.org","@graph":[{"@type":"WebPage","@id":"https:\/\/www.nextbike.ch\/fr\/frais\/","url":"https:\/\/www.nextbike.ch\/fr\/frais\/","name":"frais - nextbike Luzern","isPartOf":{"@id":"https:\/\/www.nextbike.ch\/fr\/#website"},"datePublished":"2022-08-26T11:50:08+00:00","dateModified":"2024-04-26T09:31:30+00:00","breadcrumb":{"@id":"https:\/\/www.nextbike.ch\/fr\/frais\/#breadcrumb"},"inLanguage":"fr-FR","potentialAction":[{"@type":"ReadAction","target":["https:\/\/www.nextbike.ch\/fr\/frais\/"]}]},{"@type":"BreadcrumbList","@id":"https:\/\/www.nextbike.ch\/fr\/frais\/#breadcrumb","itemListElement":[{"@type":"ListItem","position":1,"name":"Startseite","item":"https:\/\/www.nextbike.ch\/fr\/"},{"@type":"ListItem","position":2,"name":"frais"}]},{"@type":"WebSite","@id":"https:\/\/www.nextbike.ch\/fr\/#website","url":"https:\/\/www.nextbike.ch\/fr\/","name":"nextbike Luzern","description":"App downloaden und nextbike in Luzern fahren!","potentialAction":[{"@type":"SearchAction","target":{"@type":"EntryPoint","urlTemplate":"https:\/\/www.nextbike.ch\/fr\/?s={search_term_string}"},"query-input":{"@type":"PropertyValueSpecification","valueRequired":true,"valueName":"search_term_string"}}],"inLanguage":"fr-FR"}]}},"_links":{"self":[{"href":"https:\/\/www.nextbike.ch\/fr\/wp-json\/wp\/v2\/pages\/150","targetHints":{"allow":["GET"]}}],"collection":[{"href":"https:\/\/www.nextbike.ch\/fr\/wp-json\/wp\/v2\/pages"}],"about":[{"href":"https:\/\/www.nextbike.ch\/fr\/wp-json\/wp\/v2\/types\/page"}],"author":[{"embeddable":true,"href":"https:\/\/www.nextbike.ch\/fr\/wp-json\/wp\/v2\/users\/2"}],"replies":[{"embeddable":true,"href":"https:\/\/www.nextbike.ch\/fr\/wp-json\/wp\/v2\/comments?post=150"}],"version-history":[{"count":9,"href":"https:\/\/www.nextbike.ch\/fr\/wp-json\/wp\/v2\/pages\/150\/revisions"}],"predecessor-version":[{"id":733,"href":"https:\/\/www.nextbike.ch\/fr\/wp-json\/wp\/v2\/pages\/150\/revisions\/733"}],"wp:attachment":[{"href":"https:\/\/www.nextbike.ch\/fr\/wp-json\/wp\/v2\/media?parent=150"}],"curies":[{"name":"wp","href":"https:\/\/api.w.org\/{rel}","templated":true}]}}