{"id":508,"date":"2023-03-09T14:18:01","date_gmt":"2023-03-09T13:18:01","guid":{"rendered":"https:\/\/nextbike-live.pluspol-networks.de\/luzern\/geschaeftskunden\/"},"modified":"2026-03-06T11:16:26","modified_gmt":"2026-03-06T10:16:26","slug":"b2b","status":"publish","type":"page","link":"https:\/\/www.nextbike.ch\/fr\/b2b\/","title":{"rendered":"B2B"},"content":{"rendered":"<div class=\"wpb-content-wrapper\"><p>[vc_row css=\u00a0\u00bb.vc_custom_1678359503314{margin-top: 30px !important;}\u00a0\u00bb][vc_column][vc_column_text]<\/p>\n<h2><b>Nos produits en bref<\/b><\/h2>\n<p>[\/vc_column_text][\/vc_column][\/vc_row][vc_row ppi_row_padding=\u00a0\u00bbppi_remove_padding_top,ppi_remove_padding_bottom\u00a0\u00bb][vc_column width=\u00a0\u00bb1\/12&Prime;][vc_icon type=\u00a0\u00bbmaterial\u00a0\u00bb icon_material=\u00a0\u00bbvc-material vc-material-directions_bike\u00a0\u00bb color=\u00a0\u00bbcustom\u00a0\u00bb background_style=\u00a0\u00bbrounded-outline\u00a0\u00bb background_color=\u00a0\u00bbcustom\u00a0\u00bb align=\u00a0\u00bbcenter\u00a0\u00bb custom_color=\u00a0\u00bb#000000&Prime; custom_background_color=\u00a0\u00bb#000000&Prime;][\/vc_column][vc_column width=\u00a0\u00bb11\/12&Prime;][vc_column_text css=\u00a0\u00bb\u00a0\u00bb]<\/p>\n<h3>V\u00e9los pour entreprises<\/h3>\n<p>Nextbike est d\u00e9sormais indissociable des transports publics flexibles. Le syst\u00e8me de location de v\u00e9los s&rsquo;est impos\u00e9 comme un \u00e9l\u00e9ment incontournable des transports publics et compl\u00e8te de mani\u00e8re optimale les bus, les trains et les transports individuels motoris\u00e9s. Les concepts de mobilit\u00e9 d&rsquo;entreprise gagnent en importance. Avec le Business Bike, vous int\u00e9grez efficacement une mobilit\u00e9 durable et flexible dans votre entreprise. Vos collaborateurs b\u00e9n\u00e9ficient de 120 minutes d&rsquo;utilisation gratuite par jour des v\u00e9los Nextbike classiques, pour se rendre au travail, \u00e0 des rendez-vous ou pour leurs loisirs. Nous serions \u00e9galement ravis d&rsquo;\u00e9tudier la possibilit\u00e9 d&rsquo;installer une station Nextbike directement sur le site de votre entreprise et de vous conseiller individuellement sur les diff\u00e9rentes options.<\/p>\n<p><b>Vos avantages en un coup d&rsquo;\u0153il Conditions Clients existants<\/b><\/p>\n<ul>\n<li>Mobilit\u00e9 efficace et flexible dans le trafic pendulaire<\/li>\n<li>R\u00e9duction des besoins en places de stationnement et en infrastructures<\/li>\n<li>Promotion de l&rsquo;activit\u00e9 physique et de la sant\u00e9 de vos collaborateurs<\/li>\n<li>Engagement visible en faveur d&rsquo;une action \u00e9cologique et durable<\/li>\n<\/ul>\n<ul>\n<li>Abonnement Business Bike \u00e0 partir de 10 personnes : \u00e0 partir de CHF 360.00<\/li>\n<li>Station standard dans le r\u00e9seau existant de Suisse centrale, abonnement Business Bike inclus \u00e0 partir de CHF 3 465.00<\/li>\n<\/ul>\n<p>Cantons de Lucerne, Nidwald et Obwald, CKW, VBL, CSS, Calida, H\u00f4pital cantonal de Lucerne, Groupe suisse des parapl\u00e9giques et bien d&rsquo;autres encore.[\/vc_column_text][\/vc_column][\/vc_row][vc_row ppi_row_padding=\u00a0\u00bbppi_remove_padding_top,ppi_remove_padding_bottom\u00a0\u00bb disable_element=\u00a0\u00bbyes\u00a0\u00bb][vc_column width=\u00a0\u00bb1\/12&Prime;][vc_icon type=\u00a0\u00bbmaterial\u00a0\u00bb icon_material=\u00a0\u00bbvc-material vc-material-airline_seat_individual_suite\u00a0\u00bb color=\u00a0\u00bbblack\u00a0\u00bb background_style=\u00a0\u00bbrounded-outline\u00a0\u00bb background_color=\u00a0\u00bbblack\u00a0\u00bb align=\u00a0\u00bbcenter\u00a0\u00bb][\/vc_column][vc_column width=\u00a0\u00bb11\/12&Prime;][vc_column_text]<\/p>\n<h3><span style=\"color: #004a99;\">V\u00e9los pour l\u2019h\u00f4tellerie<\/span><\/h3>\n<p data-renderer-start-pos=\"2282\"><strong data-renderer-mark=\"true\">Bient\u00f4t disponible : <\/strong><\/p>\n<p data-renderer-start-pos=\"2305\">Mettez facilement \u00e0 la disposition de vos h\u00f4tes des v\u00e9los de location pour leurs excursions touristiques.<\/p>\n<p data-renderer-start-pos=\"2412\"><strong>Les avantages :<\/strong><\/p>\n<ul>\n<li data-renderer-start-pos=\"2431\">Offre attractive pour les clients de l&rsquo;h\u00f4tel<\/li>\n<li data-renderer-start-pos=\"2431\">Maintenance des v\u00e9los par nextbike<\/li>\n<\/ul>\n<p>[\/vc_column_text][\/vc_column][\/vc_row][vc_row ppi_row_padding=\u00a0\u00bbppi_remove_padding_top,ppi_remove_padding_bottom\u00a0\u00bb css=\u00a0\u00bb.vc_custom_1678359598991{margin-top: 30px !important;}\u00a0\u00bb][vc_column][vc_separator][\/vc_column][\/vc_row][vc_row ppi_row_padding=\u00a0\u00bbppi_remove_padding_top,ppi_remove_padding_bottom\u00a0\u00bb][vc_column width=\u00a0\u00bb1\/12&Prime;][vc_icon type=\u00a0\u00bbmaterial\u00a0\u00bb icon_material=\u00a0\u00bbvc-material vc-material-photo_camera\u00a0\u00bb color=\u00a0\u00bbblack\u00a0\u00bb background_style=\u00a0\u00bbrounded-outline\u00a0\u00bb background_color=\u00a0\u00bbblack\u00a0\u00bb align=\u00a0\u00bbcenter\u00a0\u00bb][\/vc_column][vc_column width=\u00a0\u00bb11\/12&Prime;][vc_column_text css=\u00a0\u00bb\u00a0\u00bb]<\/p>\n<h3>Publicit\u00e9<\/h3>\n<div class=\"column-bg-overlay-wrap\" data-bg-animation=\"none\">\n<div class=\"column-bg-overlay\"><span style=\"font-weight: 400;\">Avec la publicit\u00e9 sur nos v\u00e9los, les messages publicitaires sont visibles, insolites et \u00e9cologiques dans toute la ville et la r\u00e9gion. Ce faisant, ils parcourent plusieurs centaines de milliers de kilom\u00e8tres et sont toujours en prise directe avec le groupe cible.<\/span><\/div>\n<\/div>\n<p>[\/vc_column_text][\/vc_column][\/vc_row][vc_row ppi_row_padding=\u00a0\u00bbppi_remove_padding_top,ppi_remove_padding_bottom\u00a0\u00bb][vc_column][vc_gallery interval=\u00a0\u00bb3&Prime; images=\u00a0\u00bb442,438,434&Prime; img_size=\u00a0\u00bblarge\u00a0\u00bb onclick=\u00a0\u00bb\u00a0\u00bb][\/vc_column][\/vc_row][vc_row ppi_row_padding=\u00a0\u00bbppi_remove_padding_top,ppi_remove_padding_bottom\u00a0\u00bb disable_element=\u00a0\u00bbyes\u00a0\u00bb css=\u00a0\u00bb.vc_custom_1679572036191{margin-top: 30px !important;}\u00a0\u00bb][vc_column][vc_separator][\/vc_column][\/vc_row][vc_row ppi_row_padding=\u00a0\u00bbppi_remove_padding_top,ppi_remove_padding_bottom\u00a0\u00bb disable_element=\u00a0\u00bbyes\u00a0\u00bb][vc_column width=\u00a0\u00bb1\/12&Prime;][vc_icon type=\u00a0\u00bbmaterial\u00a0\u00bb icon_material=\u00a0\u00bbvc-material vc-material-school\u00a0\u00bb color=\u00a0\u00bbblack\u00a0\u00bb background_style=\u00a0\u00bbrounded-outline\u00a0\u00bb background_color=\u00a0\u00bbblack\u00a0\u00bb align=\u00a0\u00bbcenter\u00a0\u00bb][\/vc_column][vc_column width=\u00a0\u00bb11\/12&Prime;][vc_column_text]<\/p>\n<h3><span style=\"color: #004a99;\">Campus<\/span><\/h3>\n<p>In Zusammenarbeit mit Hochschulen, Universit\u00e4ten sowie Studierendenwerken erhalten Studierende und Mitarbeitende besondere Tarifvorteile. Zus\u00e4tzlich k\u00f6nnen Stationen direkt auf dem Campus eingerichtet werden.[\/vc_column_text][\/vc_column][\/vc_row][vc_row ppi_row_padding=\u00a0\u00bbppi_remove_padding_top,ppi_remove_padding_bottom\u00a0\u00bb css=\u00a0\u00bb.vc_custom_1678359598991{margin-top: 30px !important;}\u00a0\u00bb][vc_column][vc_separator][\/vc_column][\/vc_row][vc_row ppi_row_padding=\u00a0\u00bbppi_remove_padding_top\u00a0\u00bb][vc_column width=\u00a0\u00bb1\/12&Prime;][vc_icon type=\u00a0\u00bbmaterial\u00a0\u00bb icon_material=\u00a0\u00bbvc-material vc-material-mail_outline\u00a0\u00bb color=\u00a0\u00bbblack\u00a0\u00bb background_style=\u00a0\u00bbrounded-outline\u00a0\u00bb background_color=\u00a0\u00bbblack\u00a0\u00bb align=\u00a0\u00bbcenter\u00a0\u00bb][\/vc_column][vc_column width=\u00a0\u00bb11\/12&Prime;][vc_column_text css=\u00a0\u00bb\u00a0\u00bb]<\/p>\n<h3>Vous \u00eates int\u00e9ress\u00e9(e) ? Contactez-nous d\u00e8s maintenant !<\/h3>\n<p>Caritas Zentralschweiz<br \/>\nGrossmatte Ost 10<br \/>\n6014 Luzern<br \/>\nTel: 041 368 54 17<br \/>\nE-Mail: <a href=\"mailto:info@nextbike.ch\">info@nextbike.ch<\/a>[\/vc_column_text][\/vc_column][\/vc_row][vc_row][vc_column][vc_column_text]<\/p>\n<p>Caritas Zentralschweiz travaille pour le compte de nextbike GmbH.[\/vc_column_text][\/vc_column][\/vc_row]<\/p>\n<\/div>","protected":false},"excerpt":{"rendered":"<p>[vc_row css=\u00a0\u00bb.vc_custom_1678359503314{margin-top: 30px !important;}\u00a0\u00bb][vc_column][vc_column_text] Nos produits en bref [\/vc_column_text][\/vc_column][\/vc_row][vc_row ppi_row_padding=\u00a0\u00bbppi_remove_padding_top,ppi_remove_padding_bottom\u00a0\u00bb][vc_column width=\u00a0\u00bb1\/12&Prime;][vc_icon type=\u00a0\u00bbmaterial\u00a0\u00bb icon_material=\u00a0\u00bbvc-material vc-material-directions_bike\u00a0\u00bb color=\u00a0\u00bbcustom\u00a0\u00bb background_style=\u00a0\u00bbrounded-outline\u00a0\u00bb background_color=\u00a0\u00bbcustom\u00a0\u00bb align=\u00a0\u00bbcenter\u00a0\u00bb custom_color=\u00a0\u00bb#000000&Prime; custom_background_color=\u00a0\u00bb#000000&Prime;][\/vc_column][vc_column width=\u00a0\u00bb11\/12&Prime;][vc_column_text css=\u00a0\u00bb\u00a0\u00bb] V\u00e9los pour entreprises Nextbike est d\u00e9sormais indissociable des transports publics flexibles. Le syst\u00e8me de location de v\u00e9los s&rsquo;est impos\u00e9 comme un \u00e9l\u00e9ment incontournable des transports publics et compl\u00e8te de mani\u00e8re optimale les bus, [&hellip;]<\/p>\n","protected":false},"author":12,"featured_media":0,"parent":0,"menu_order":0,"comment_status":"closed","ping_status":"closed","template":"page-bubble.php","meta":{"_acf_changed":false,"inline_featured_image":false,"footnotes":""},"class_list":["post-508","page","type-page","status-publish","hentry"],"acf":[],"yoast_head":"<!-- This site is optimized with the Yoast SEO plugin v27.2 - https:\/\/yoast.com\/product\/yoast-seo-wordpress\/ -->\n<title>B2B - nextbike Luzern<\/title>\n<meta name=\"description\" content=\"Jetzt unsere B2B-Produkte entdecken. Ob Werbung auf unseren R\u00e4dern oder MitarbeitendenRad - Wir haben das passende Angebot.\" \/>\n<meta name=\"robots\" content=\"index, follow, max-snippet:-1, max-image-preview:large, max-video-preview:-1\" \/>\n<link rel=\"canonical\" href=\"https:\/\/www.nextbike.ch\/fr\/b2b\/\" \/>\n<meta property=\"og:locale\" content=\"fr_FR\" \/>\n<meta property=\"og:type\" content=\"article\" \/>\n<meta property=\"og:title\" content=\"B2B - nextbike Luzern\" \/>\n<meta property=\"og:description\" content=\"Jetzt unsere B2B-Produkte entdecken. Ob Werbung auf unseren R\u00e4dern oder MitarbeitendenRad - Wir haben das passende Angebot.\" \/>\n<meta property=\"og:url\" content=\"https:\/\/www.nextbike.ch\/fr\/b2b\/\" \/>\n<meta property=\"og:site_name\" content=\"nextbike Luzern\" \/>\n<meta property=\"article:modified_time\" content=\"2026-03-06T10:16:26+00:00\" \/>\n<meta name=\"twitter:card\" content=\"summary_large_image\" \/>\n<meta name=\"twitter:label1\" content=\"Dur\u00e9e de lecture estim\u00e9e\" \/>\n\t<meta name=\"twitter:data1\" content=\"2 minutes\" \/>\n<script type=\"application\/ld+json\" class=\"yoast-schema-graph\">{\"@context\":\"https:\/\/schema.org\",\"@graph\":[{\"@type\":\"WebPage\",\"@id\":\"https:\/\/www.nextbike.ch\/fr\/b2b\/\",\"url\":\"https:\/\/www.nextbike.ch\/fr\/b2b\/\",\"name\":\"B2B - nextbike Luzern\",\"isPartOf\":{\"@id\":\"https:\/\/www.nextbike.ch\/fr\/#website\"},\"datePublished\":\"2023-03-09T13:18:01+00:00\",\"dateModified\":\"2026-03-06T10:16:26+00:00\",\"description\":\"Jetzt unsere B2B-Produkte entdecken. Ob Werbung auf unseren R\u00e4dern oder MitarbeitendenRad - Wir haben das passende Angebot.\",\"breadcrumb\":{\"@id\":\"https:\/\/www.nextbike.ch\/fr\/b2b\/#breadcrumb\"},\"inLanguage\":\"fr-FR\",\"potentialAction\":[{\"@type\":\"ReadAction\",\"target\":[\"https:\/\/www.nextbike.ch\/fr\/b2b\/\"]}]},{\"@type\":\"BreadcrumbList\",\"@id\":\"https:\/\/www.nextbike.ch\/fr\/b2b\/#breadcrumb\",\"itemListElement\":[{\"@type\":\"ListItem\",\"position\":1,\"name\":\"Startseite\",\"item\":\"https:\/\/www.nextbike.ch\/fr\/\"},{\"@type\":\"ListItem\",\"position\":2,\"name\":\"B2B\"}]},{\"@type\":\"WebSite\",\"@id\":\"https:\/\/www.nextbike.ch\/fr\/#website\",\"url\":\"https:\/\/www.nextbike.ch\/fr\/\",\"name\":\"nextbike Luzern\",\"description\":\"App downloaden und nextbike in Luzern fahren!\",\"potentialAction\":[{\"@type\":\"SearchAction\",\"target\":{\"@type\":\"EntryPoint\",\"urlTemplate\":\"https:\/\/www.nextbike.ch\/fr\/?s={search_term_string}\"},\"query-input\":{\"@type\":\"PropertyValueSpecification\",\"valueRequired\":true,\"valueName\":\"search_term_string\"}}],\"inLanguage\":\"fr-FR\"}]}<\/script>\n<!-- \/ Yoast SEO plugin. -->","yoast_head_json":{"title":"B2B - nextbike Luzern","description":"Jetzt unsere B2B-Produkte entdecken. Ob Werbung auf unseren R\u00e4dern oder MitarbeitendenRad - Wir haben das passende Angebot.","robots":{"index":"index","follow":"follow","max-snippet":"max-snippet:-1","max-image-preview":"max-image-preview:large","max-video-preview":"max-video-preview:-1"},"canonical":"https:\/\/www.nextbike.ch\/fr\/b2b\/","og_locale":"fr_FR","og_type":"article","og_title":"B2B - nextbike Luzern","og_description":"Jetzt unsere B2B-Produkte entdecken. Ob Werbung auf unseren R\u00e4dern oder MitarbeitendenRad - Wir haben das passende Angebot.","og_url":"https:\/\/www.nextbike.ch\/fr\/b2b\/","og_site_name":"nextbike Luzern","article_modified_time":"2026-03-06T10:16:26+00:00","twitter_card":"summary_large_image","twitter_misc":{"Dur\u00e9e de lecture estim\u00e9e":"2 minutes"},"schema":{"@context":"https:\/\/schema.org","@graph":[{"@type":"WebPage","@id":"https:\/\/www.nextbike.ch\/fr\/b2b\/","url":"https:\/\/www.nextbike.ch\/fr\/b2b\/","name":"B2B - nextbike Luzern","isPartOf":{"@id":"https:\/\/www.nextbike.ch\/fr\/#website"},"datePublished":"2023-03-09T13:18:01+00:00","dateModified":"2026-03-06T10:16:26+00:00","description":"Jetzt unsere B2B-Produkte entdecken. Ob Werbung auf unseren R\u00e4dern oder MitarbeitendenRad - Wir haben das passende Angebot.","breadcrumb":{"@id":"https:\/\/www.nextbike.ch\/fr\/b2b\/#breadcrumb"},"inLanguage":"fr-FR","potentialAction":[{"@type":"ReadAction","target":["https:\/\/www.nextbike.ch\/fr\/b2b\/"]}]},{"@type":"BreadcrumbList","@id":"https:\/\/www.nextbike.ch\/fr\/b2b\/#breadcrumb","itemListElement":[{"@type":"ListItem","position":1,"name":"Startseite","item":"https:\/\/www.nextbike.ch\/fr\/"},{"@type":"ListItem","position":2,"name":"B2B"}]},{"@type":"WebSite","@id":"https:\/\/www.nextbike.ch\/fr\/#website","url":"https:\/\/www.nextbike.ch\/fr\/","name":"nextbike Luzern","description":"App downloaden und nextbike in Luzern fahren!","potentialAction":[{"@type":"SearchAction","target":{"@type":"EntryPoint","urlTemplate":"https:\/\/www.nextbike.ch\/fr\/?s={search_term_string}"},"query-input":{"@type":"PropertyValueSpecification","valueRequired":true,"valueName":"search_term_string"}}],"inLanguage":"fr-FR"}]}},"_links":{"self":[{"href":"https:\/\/www.nextbike.ch\/fr\/wp-json\/wp\/v2\/pages\/508","targetHints":{"allow":["GET"]}}],"collection":[{"href":"https:\/\/www.nextbike.ch\/fr\/wp-json\/wp\/v2\/pages"}],"about":[{"href":"https:\/\/www.nextbike.ch\/fr\/wp-json\/wp\/v2\/types\/page"}],"author":[{"embeddable":true,"href":"https:\/\/www.nextbike.ch\/fr\/wp-json\/wp\/v2\/users\/12"}],"replies":[{"embeddable":true,"href":"https:\/\/www.nextbike.ch\/fr\/wp-json\/wp\/v2\/comments?post=508"}],"version-history":[{"count":25,"href":"https:\/\/www.nextbike.ch\/fr\/wp-json\/wp\/v2\/pages\/508\/revisions"}],"predecessor-version":[{"id":839,"href":"https:\/\/www.nextbike.ch\/fr\/wp-json\/wp\/v2\/pages\/508\/revisions\/839"}],"wp:attachment":[{"href":"https:\/\/www.nextbike.ch\/fr\/wp-json\/wp\/v2\/media?parent=508"}],"curies":[{"name":"wp","href":"https:\/\/api.w.org\/{rel}","templated":true}]}}