{"id":137,"date":"2022-11-15T07:57:06","date_gmt":"2022-11-15T06:57:06","guid":{"rendered":"https:\/\/nextbike-live.pluspol-networks.de\/luzern\/revoca\/"},"modified":"2023-01-06T11:09:26","modified_gmt":"2023-01-06T10:09:26","slug":"revoca","status":"publish","type":"page","link":"https:\/\/www.nextbike.ch\/it\/revoca\/","title":{"rendered":"Revoca"},"content":{"rendered":"<div class=\"wpb-content-wrapper\"><p>[vc_row][vc_column][vc_column_text]<h1><span data-sheets-value=\"{&quot;1&quot;:2,&quot;2&quot;:&quot;Politica di recesso&quot;}\" data-sheets-userformat=\"{&quot;2&quot;:4993,&quot;3&quot;:{&quot;1&quot;:0},&quot;10&quot;:0,&quot;11&quot;:4,&quot;12&quot;:0,&quot;15&quot;:&quot;Verdana&quot;}\">Politica di recesso<\/span><\/h1>\n<p><strong>Questa politica di recesso si applica alla conclusione delle tariffe di abbonamento, non ai viaggi della tariffa base.<\/strong><\/p>\n<p>&nbsp;<\/p>\n<p><strong>Diritto di recesso<\/strong><\/p>\n<p><span data-sheets-value=\"{&quot;1&quot;:2,&quot;2&quot;:&quot;Il cliente ha il diritto di recedere dal presente contratto entro quattordici giorni senza dover fornire alcuna motivazione.\\n\\nIl periodo di recesso \u00e8 di quattordici giorni dal giorno della conclusione del contratto.\\n\\nPer esercitare il diritto di recesso, l'utente \u00e8 tenuto a informarci (TIER Mobility SE, Eichhornstra\u00dfe 3, c\/o WeWork, 10785 Berlino, numero di telefono: 030 69205046, indirizzo e-mail: kundenservice@nextbike.de) mediante una dichiarazione chiara (ad esempio una lettera inviata per posta, fax o e-mail) della sua decisione di recedere dal presente contratto. A tal fine pu\u00f2 utilizzare il modulo di recesso allegato, che tuttavia non \u00e8 obbligatorio.\\n\\nPer rispettare il periodo di recesso, \u00e8 sufficiente che Lei invii la notifica dell'esercizio del diritto di recesso prima della scadenza del periodo di recesso.\\n\\n\\n\\n\\nConseguenze della revoca\\n\\nSe Lei recede dal presente contratto, dobbiamo rimborsare tutti i pagamenti che abbiamo ricevuto da Lei, compresi i costi di consegna (ad eccezione dei costi aggiuntivi derivanti dal fatto che Lei ha scelto un tipo di consegna diverso dalla consegna standard pi\u00f9 economica da noi offerta), senza indugio e al pi\u00f9 tardi entro quattordici giorni dal giorno in cui abbiamo ricevuto la notifica del Suo recesso dal presente contratto. Per questo rimborso, utilizzeremo lo stesso mezzo di pagamento che avete utilizzato per la transazione originale, a meno che non sia stato espressamente concordato diversamente con voi; in nessun caso vi saranno addebitate spese a causa di questo rimborso.\\n\\nSe avete richiesto l'inizio dei servizi durante il periodo di recesso, dovrete corrisponderci un importo ragionevole corrispondente alla proporzione dei servizi gi\u00e0 forniti fino al momento in cui ci comunicate l'esercizio del diritto di recesso in relazione al presente contratto rispetto alla portata totale dei servizi previsti dal contratto.&quot;}\" data-sheets-userformat=\"{&quot;2&quot;:4993,&quot;3&quot;:{&quot;1&quot;:0},&quot;10&quot;:0,&quot;11&quot;:4,&quot;12&quot;:0,&quot;15&quot;:&quot;Verdana&quot;}\">Il cliente ha il diritto di recedere dal presente contratto entro quattordici giorni senza dover fornire alcuna motivazione.<\/span><\/p>\n<p>Il periodo di recesso \u00e8 di quattordici giorni dal giorno della conclusione del contratto.<\/p>\n<p>Per esercitare il diritto di recesso, l&#8217;utente \u00e8 tenuto a informarci (<span data-sheets-root=\"1\" data-sheets-value=\"{&quot;1&quot;:2,&quot;2&quot;:&quot;Ju keni t\u00eb drejt\u00eb t\u00eb t\u00ebrhiqeni nga kjo kontrat\u00eb brenda 14 dit\u00ebve pa dh\u00ebn\u00eb asnj\u00eb arsye. Afati i t\u00ebrheqjes p\u00ebrfundon pas 14 dit\u00ebsh nga dita e lidhjes s\u00eb kontrat\u00ebs. P\u00ebr t\u00eb ushtruar t\u00eb drejt\u00ebn e t\u00ebrheqjes duhet t\u00eb informoni (#ADRESA# ) t\u00eb vendimit tuaj p\u00ebr t'u t\u00ebrhequr nga kjo kontrat\u00eb me nj\u00eb deklarat\u00eb t\u00eb qart\u00eb (p.sh. nj\u00eb let\u00ebr e d\u00ebrguar me post\u00eb, faks ose e-mail Ju mund t\u00eb p\u00ebrdorni formularin e t\u00ebrheqjes s\u00eb bashkangjitur, por nuk \u00ebsht\u00eb i detyruesh\u00ebm).\\n\\nP\u00ebr t\u00eb p\u00ebrmbushur afatin e t\u00ebrheqjes, mjafton q\u00eb ju t\u00eb d\u00ebrgoni komunikimin tuaj n\u00eb lidhje me ushtrimin e t\u00eb drejt\u00ebs s\u00eb t\u00ebrheqjes p\u00ebrpara se t\u00eb skadoj\u00eb periudha e t\u00ebrheqjes.&quot;}\" data-sheets-userformat=\"{&quot;2&quot;:14593,&quot;3&quot;:{&quot;1&quot;:0,&quot;3&quot;:1},&quot;11&quot;:4,&quot;14&quot;:{&quot;1&quot;:2,&quot;2&quot;:0},&quot;15&quot;:&quot;Arial&quot;,&quot;16&quot;:10}\">nextbike, Karl-Heine-Stra\u00dfe 46, 04229 Leipzig<\/span>, numero di telefono: 030 69205046, indirizzo e-mail: kundenservice@nextbike.de) mediante una dichiarazione chiara (ad esempio una lettera inviata per posta, fax o e-mail) della sua decisione di recedere dal presente contratto. A tal fine pu\u00f2 utilizzare il modulo di recesso allegato, che tuttavia non \u00e8 obbligatorio.<\/p>\n<p>Per rispettare il periodo di recesso, \u00e8 sufficiente che Lei invii la notifica dell&#8217;esercizio del diritto di recesso prima della scadenza del periodo di recesso.<\/p>\n<p><strong>Conseguenze della revoca<\/strong><\/p>\n<p>Se Lei recede dal presente contratto, dobbiamo rimborsare tutti i pagamenti che abbiamo ricevuto da Lei, compresi i costi di consegna (ad eccezione dei costi aggiuntivi derivanti dal fatto che Lei ha scelto un tipo di consegna diverso dalla consegna standard pi\u00f9 economica da noi offerta), senza indugio e al pi\u00f9 tardi entro quattordici giorni dal giorno in cui abbiamo ricevuto la notifica del Suo recesso dal presente contratto. Per questo rimborso, utilizzeremo lo stesso mezzo di pagamento che avete utilizzato per la transazione originale, a meno che non sia stato espressamente concordato diversamente con voi; in nessun caso vi saranno addebitate spese a causa di questo rimborso.<\/p>\n<p>Se avete richiesto l&#8217;inizio dei servizi durante il periodo di recesso, dovrete corrisponderci un importo ragionevole corrispondente alla proporzione dei servizi gi\u00e0 forniti fino al momento in cui ci comunicate l&#8217;esercizio del diritto di recesso in relazione al presente contratto rispetto alla portata totale dei servizi previsti dal contratto.<\/p>\n<a aria-label=\"Si apre in una nuova scheda\" href=\"https:\/\/www.nextbike.ch\/wp-content\/uploads\/2024\/04\/2024_04_09_Widerrufsbelehrung.pdf\" target=\"_blank\" class=\"ppi_withdrawal_download_link\"><strong>Scarica qui il modulo di cancellazione dell&#039;iscrizione.<\/strong><\/a>[\/vc_column_text][\/vc_column][\/vc_row]<\/p>\n<\/div>","protected":false},"excerpt":{"rendered":"<p>[vc_row][vc_column][vc_column_text][\/vc_column_text][\/vc_column][\/vc_row]<\/p>\n","protected":false},"author":5,"featured_media":0,"parent":0,"menu_order":0,"comment_status":"closed","ping_status":"closed","template":"","meta":{"_acf_changed":false,"inline_featured_image":false,"footnotes":""},"class_list":["post-137","page","type-page","status-publish","hentry"],"acf":[],"yoast_head":"<!-- This site is optimized with the Yoast SEO plugin v27.2 - https:\/\/yoast.com\/product\/yoast-seo-wordpress\/ -->\n<title>Revoca - nextbike Luzern<\/title>\n<meta name=\"robots\" content=\"index, follow, max-snippet:-1, max-image-preview:large, max-video-preview:-1\" \/>\n<link rel=\"canonical\" href=\"https:\/\/www.nextbike.ch\/it\/revoca\/\" \/>\n<meta property=\"og:locale\" content=\"it_IT\" \/>\n<meta property=\"og:type\" content=\"article\" \/>\n<meta property=\"og:title\" content=\"Revoca - nextbike Luzern\" \/>\n<meta property=\"og:description\" content=\"[vc_row][vc_column][vc_column_text][\/vc_column_text][\/vc_column][\/vc_row]\" \/>\n<meta property=\"og:url\" content=\"https:\/\/www.nextbike.ch\/it\/revoca\/\" \/>\n<meta property=\"og:site_name\" content=\"nextbike Luzern\" \/>\n<meta property=\"article:modified_time\" content=\"2023-01-06T10:09:26+00:00\" \/>\n<meta name=\"twitter:card\" content=\"summary_large_image\" \/>\n<script type=\"application\/ld+json\" class=\"yoast-schema-graph\">{\"@context\":\"https:\/\/schema.org\",\"@graph\":[{\"@type\":\"WebPage\",\"@id\":\"https:\/\/www.nextbike.ch\/it\/revoca\/\",\"url\":\"https:\/\/www.nextbike.ch\/it\/revoca\/\",\"name\":\"Revoca - nextbike Luzern\",\"isPartOf\":{\"@id\":\"https:\/\/www.nextbike.ch\/it\/#website\"},\"datePublished\":\"2022-11-15T06:57:06+00:00\",\"dateModified\":\"2023-01-06T10:09:26+00:00\",\"breadcrumb\":{\"@id\":\"https:\/\/www.nextbike.ch\/it\/revoca\/#breadcrumb\"},\"inLanguage\":\"it-IT\",\"potentialAction\":[{\"@type\":\"ReadAction\",\"target\":[\"https:\/\/www.nextbike.ch\/it\/revoca\/\"]}]},{\"@type\":\"BreadcrumbList\",\"@id\":\"https:\/\/www.nextbike.ch\/it\/revoca\/#breadcrumb\",\"itemListElement\":[{\"@type\":\"ListItem\",\"position\":1,\"name\":\"Startseite\",\"item\":\"https:\/\/www.nextbike.ch\/it\/\"},{\"@type\":\"ListItem\",\"position\":2,\"name\":\"Revoca\"}]},{\"@type\":\"WebSite\",\"@id\":\"https:\/\/www.nextbike.ch\/it\/#website\",\"url\":\"https:\/\/www.nextbike.ch\/it\/\",\"name\":\"nextbike Luzern\",\"description\":\"App downloaden und nextbike in Luzern fahren!\",\"potentialAction\":[{\"@type\":\"SearchAction\",\"target\":{\"@type\":\"EntryPoint\",\"urlTemplate\":\"https:\/\/www.nextbike.ch\/it\/?s={search_term_string}\"},\"query-input\":{\"@type\":\"PropertyValueSpecification\",\"valueRequired\":true,\"valueName\":\"search_term_string\"}}],\"inLanguage\":\"it-IT\"}]}<\/script>\n<!-- \/ Yoast SEO plugin. -->","yoast_head_json":{"title":"Revoca - nextbike Luzern","robots":{"index":"index","follow":"follow","max-snippet":"max-snippet:-1","max-image-preview":"max-image-preview:large","max-video-preview":"max-video-preview:-1"},"canonical":"https:\/\/www.nextbike.ch\/it\/revoca\/","og_locale":"it_IT","og_type":"article","og_title":"Revoca - nextbike Luzern","og_description":"[vc_row][vc_column][vc_column_text][\/vc_column_text][\/vc_column][\/vc_row]","og_url":"https:\/\/www.nextbike.ch\/it\/revoca\/","og_site_name":"nextbike Luzern","article_modified_time":"2023-01-06T10:09:26+00:00","twitter_card":"summary_large_image","schema":{"@context":"https:\/\/schema.org","@graph":[{"@type":"WebPage","@id":"https:\/\/www.nextbike.ch\/it\/revoca\/","url":"https:\/\/www.nextbike.ch\/it\/revoca\/","name":"Revoca - nextbike Luzern","isPartOf":{"@id":"https:\/\/www.nextbike.ch\/it\/#website"},"datePublished":"2022-11-15T06:57:06+00:00","dateModified":"2023-01-06T10:09:26+00:00","breadcrumb":{"@id":"https:\/\/www.nextbike.ch\/it\/revoca\/#breadcrumb"},"inLanguage":"it-IT","potentialAction":[{"@type":"ReadAction","target":["https:\/\/www.nextbike.ch\/it\/revoca\/"]}]},{"@type":"BreadcrumbList","@id":"https:\/\/www.nextbike.ch\/it\/revoca\/#breadcrumb","itemListElement":[{"@type":"ListItem","position":1,"name":"Startseite","item":"https:\/\/www.nextbike.ch\/it\/"},{"@type":"ListItem","position":2,"name":"Revoca"}]},{"@type":"WebSite","@id":"https:\/\/www.nextbike.ch\/it\/#website","url":"https:\/\/www.nextbike.ch\/it\/","name":"nextbike Luzern","description":"App downloaden und nextbike in Luzern fahren!","potentialAction":[{"@type":"SearchAction","target":{"@type":"EntryPoint","urlTemplate":"https:\/\/www.nextbike.ch\/it\/?s={search_term_string}"},"query-input":{"@type":"PropertyValueSpecification","valueRequired":true,"valueName":"search_term_string"}}],"inLanguage":"it-IT"}]}},"_links":{"self":[{"href":"https:\/\/www.nextbike.ch\/it\/wp-json\/wp\/v2\/pages\/137","targetHints":{"allow":["GET"]}}],"collection":[{"href":"https:\/\/www.nextbike.ch\/it\/wp-json\/wp\/v2\/pages"}],"about":[{"href":"https:\/\/www.nextbike.ch\/it\/wp-json\/wp\/v2\/types\/page"}],"author":[{"embeddable":true,"href":"https:\/\/www.nextbike.ch\/it\/wp-json\/wp\/v2\/users\/5"}],"replies":[{"embeddable":true,"href":"https:\/\/www.nextbike.ch\/it\/wp-json\/wp\/v2\/comments?post=137"}],"version-history":[{"count":3,"href":"https:\/\/www.nextbike.ch\/it\/wp-json\/wp\/v2\/pages\/137\/revisions"}],"predecessor-version":[{"id":140,"href":"https:\/\/www.nextbike.ch\/it\/wp-json\/wp\/v2\/pages\/137\/revisions\/140"}],"wp:attachment":[{"href":"https:\/\/www.nextbike.ch\/it\/wp-json\/wp\/v2\/media?parent=137"}],"curies":[{"name":"wp","href":"https:\/\/api.w.org\/{rel}","templated":true}]}}