{"id":156,"date":"2022-08-26T13:50:08","date_gmt":"2022-08-26T11:50:08","guid":{"rendered":"https:\/\/nextbike-live.pluspol-networks.de\/luzern\/tassa\/"},"modified":"2024-04-26T11:32:43","modified_gmt":"2024-04-26T09:32:43","slug":"tassa","status":"publish","type":"page","link":"https:\/\/www.nextbike.ch\/it\/tassa\/","title":{"rendered":"Tassa"},"content":{"rendered":"<h2><b>Informazioni sui costi di restituzione<\/b><\/h2>\n<p>&nbsp;<\/p>\n<p><strong>Cara\/o utente,<\/strong><\/p>\n<p><span style=\"font-weight: 400;\">hai restituito la bici o l&#8217;e-bike in modo inappropriato. Le bici tradizionali possono essere lasciate solo in una delle numerose stazioni che fanno parte del sistema nextbike di Svizzera Centrale e le ebike esclusivamente ad una delle stazioni della citt\u00e0 du Lucerna, Hochdorf, Ballwil, Eschenbach o Inwil. In caso di restituzione impropria verr\u00e0 addebitato un costo di 20 franchi per le bici tradizionali e 25 franchi per le e-bike. Per la prima riconsegna impropria fuori da una stazione non viene ancora addebitata alcuna tariffa. Se dovesse ripetersi, verr\u00e0 addebitata la tariffa.<\/span><\/p>\n<p><span style=\"font-weight: 400;\">\u00c8 comunque possibile evitare l&#8217;addebito: Torna alla bicicletta e noleggiala di nuovo. Non farlo a distanza, perch\u00e9 il blocco si aprir\u00e0 automaticamente. Il nuovo noleggio verr\u00e0 unito a quello precedente e il costo della restituzione impropria verr\u00e0 annullato se la bici viene restituita correttamente.<\/span><\/p>\n<p><span style=\"font-weight: 400;\">\u00c8 possibile visualizzare i costi nella cronologia dei noleggi nella propria app o nel proprio account cliente tramite il login al sito web. Tutti i prezzi e le tariffe di nextbike Svizzera Centrale si trovano nella rubrica &#8220;Tariffe&#8221;.<\/span><\/p>\n<p>&nbsp;<\/p>\n<h4><b>Quali sono le modalit\u00e0 di restituzione di nextbike Zentralschweiz?<\/b><\/h4>\n<p>&nbsp;<\/p>\n<h5><strong>Presso le stazioni:<\/strong><\/h5>\n<p><span style=\"font-weight: 400;\">\u00c8 possibile restituire le nostre bici in qualsiasi stazione ufficiale nextbike della Svizzera centrale. Le e-bike devono essere restituite nelle stazioni designate all&#8217;interno della citt\u00e0 di Lucerna, Hochdorf, Ballwil, Eschenbach o Inwil.<\/span><\/p>\n<p><span style=\"font-weight: 400;\"><a href=\"https:\/\/www.nextbike.ch\/it\/#come-funziona\">Le stazioni si trovano nelle seguenti citt\u00e0<\/a>.<\/span><\/p>\n<h5><strong>Fuori dalle stazioni:<\/strong><\/h5>\n<p><span style=\"font-weight: 400;\">Le biciclette e le e-bike non possono essere parcheggiate fuori dalle stazioni ufficiali nextbike della Svizzera centrale. Non esiste una zona flex! In caso di restituzione impropria verr\u00e0 automaticamente addebitata una tassa di almeno 20 franchi per le biciclette e 25 franchi per le e-bike.<\/span><\/p>\n<p>&nbsp;<\/p>\n<p>&nbsp;<\/p>\n<p><span style=\"font-weight: 400;\"><strong>Cosa fare nel caso di errori sui costi di restituzione?<\/strong> <\/span><\/p>\n<p><span style=\"font-weight: 400;\">A causa di alcune deviazioni del GPS, \u00e8 possibile che ti venga addebitato un costo per la restituzione impropria anche se hai lasciato la bicicletta in una stazione. Nessun problema. Contatta la nostra linea diretta al numero +41 41 50 80 800 o inviaci un messaggio via app con il tuo numero di cellulare registrato, il numero della bicicletta e una breve descrizione della situazione. Provvederemo a correggere il noleggio.<\/span><\/p>\n","protected":false},"excerpt":{"rendered":"<p>Informazioni sui costi di restituzione &nbsp; Cara\/o utente, hai restituito la bici o l&#8217;e-bike in modo inappropriato. Le bici tradizionali possono essere lasciate solo in una delle numerose stazioni che fanno parte del sistema nextbike di Svizzera Centrale e le ebike esclusivamente ad una delle stazioni della citt\u00e0 du Lucerna, Hochdorf, Ballwil, Eschenbach o Inwil. [&hellip;]<\/p>\n","protected":false},"author":2,"featured_media":0,"parent":0,"menu_order":0,"comment_status":"closed","ping_status":"closed","template":"page-bubble.php","meta":{"_acf_changed":false,"inline_featured_image":false,"footnotes":""},"class_list":["post-156","page","type-page","status-publish","hentry"],"acf":[],"yoast_head":"<!-- This site is optimized with the Yoast SEO plugin v27.2 - https:\/\/yoast.com\/product\/yoast-seo-wordpress\/ -->\n<title>Tassa - nextbike Luzern<\/title>\n<meta name=\"robots\" content=\"index, follow, max-snippet:-1, max-image-preview:large, max-video-preview:-1\" \/>\n<link rel=\"canonical\" href=\"https:\/\/www.nextbike.ch\/it\/tassa\/\" \/>\n<meta property=\"og:locale\" content=\"it_IT\" \/>\n<meta property=\"og:type\" content=\"article\" \/>\n<meta property=\"og:title\" content=\"Tassa - nextbike Luzern\" \/>\n<meta property=\"og:description\" content=\"Informazioni sui costi di restituzione &nbsp; Cara\/o utente, hai restituito la bici o l&#8217;e-bike in modo inappropriato. Le bici tradizionali possono essere lasciate solo in una delle numerose stazioni che fanno parte del sistema nextbike di Svizzera Centrale e le ebike esclusivamente ad una delle stazioni della citt\u00e0 du Lucerna, Hochdorf, Ballwil, Eschenbach o Inwil. [&hellip;]\" \/>\n<meta property=\"og:url\" content=\"https:\/\/www.nextbike.ch\/it\/tassa\/\" \/>\n<meta property=\"og:site_name\" content=\"nextbike Luzern\" \/>\n<meta property=\"article:modified_time\" content=\"2024-04-26T09:32:43+00:00\" \/>\n<meta name=\"twitter:card\" content=\"summary_large_image\" \/>\n<meta name=\"twitter:label1\" content=\"Tempo di lettura stimato\" \/>\n\t<meta name=\"twitter:data1\" content=\"2 minuti\" \/>\n<script type=\"application\/ld+json\" class=\"yoast-schema-graph\">{\"@context\":\"https:\/\/schema.org\",\"@graph\":[{\"@type\":\"WebPage\",\"@id\":\"https:\/\/www.nextbike.ch\/it\/tassa\/\",\"url\":\"https:\/\/www.nextbike.ch\/it\/tassa\/\",\"name\":\"Tassa - nextbike Luzern\",\"isPartOf\":{\"@id\":\"https:\/\/www.nextbike.ch\/it\/#website\"},\"datePublished\":\"2022-08-26T11:50:08+00:00\",\"dateModified\":\"2024-04-26T09:32:43+00:00\",\"breadcrumb\":{\"@id\":\"https:\/\/www.nextbike.ch\/it\/tassa\/#breadcrumb\"},\"inLanguage\":\"it-IT\",\"potentialAction\":[{\"@type\":\"ReadAction\",\"target\":[\"https:\/\/www.nextbike.ch\/it\/tassa\/\"]}]},{\"@type\":\"BreadcrumbList\",\"@id\":\"https:\/\/www.nextbike.ch\/it\/tassa\/#breadcrumb\",\"itemListElement\":[{\"@type\":\"ListItem\",\"position\":1,\"name\":\"Startseite\",\"item\":\"https:\/\/www.nextbike.ch\/it\/\"},{\"@type\":\"ListItem\",\"position\":2,\"name\":\"Tassa\"}]},{\"@type\":\"WebSite\",\"@id\":\"https:\/\/www.nextbike.ch\/it\/#website\",\"url\":\"https:\/\/www.nextbike.ch\/it\/\",\"name\":\"nextbike Luzern\",\"description\":\"App downloaden und nextbike in Luzern fahren!\",\"potentialAction\":[{\"@type\":\"SearchAction\",\"target\":{\"@type\":\"EntryPoint\",\"urlTemplate\":\"https:\/\/www.nextbike.ch\/it\/?s={search_term_string}\"},\"query-input\":{\"@type\":\"PropertyValueSpecification\",\"valueRequired\":true,\"valueName\":\"search_term_string\"}}],\"inLanguage\":\"it-IT\"}]}<\/script>\n<!-- \/ Yoast SEO plugin. -->","yoast_head_json":{"title":"Tassa - nextbike Luzern","robots":{"index":"index","follow":"follow","max-snippet":"max-snippet:-1","max-image-preview":"max-image-preview:large","max-video-preview":"max-video-preview:-1"},"canonical":"https:\/\/www.nextbike.ch\/it\/tassa\/","og_locale":"it_IT","og_type":"article","og_title":"Tassa - nextbike Luzern","og_description":"Informazioni sui costi di restituzione &nbsp; Cara\/o utente, hai restituito la bici o l&#8217;e-bike in modo inappropriato. Le bici tradizionali possono essere lasciate solo in una delle numerose stazioni che fanno parte del sistema nextbike di Svizzera Centrale e le ebike esclusivamente ad una delle stazioni della citt\u00e0 du Lucerna, Hochdorf, Ballwil, Eschenbach o Inwil. [&hellip;]","og_url":"https:\/\/www.nextbike.ch\/it\/tassa\/","og_site_name":"nextbike Luzern","article_modified_time":"2024-04-26T09:32:43+00:00","twitter_card":"summary_large_image","twitter_misc":{"Tempo di lettura stimato":"2 minuti"},"schema":{"@context":"https:\/\/schema.org","@graph":[{"@type":"WebPage","@id":"https:\/\/www.nextbike.ch\/it\/tassa\/","url":"https:\/\/www.nextbike.ch\/it\/tassa\/","name":"Tassa - nextbike Luzern","isPartOf":{"@id":"https:\/\/www.nextbike.ch\/it\/#website"},"datePublished":"2022-08-26T11:50:08+00:00","dateModified":"2024-04-26T09:32:43+00:00","breadcrumb":{"@id":"https:\/\/www.nextbike.ch\/it\/tassa\/#breadcrumb"},"inLanguage":"it-IT","potentialAction":[{"@type":"ReadAction","target":["https:\/\/www.nextbike.ch\/it\/tassa\/"]}]},{"@type":"BreadcrumbList","@id":"https:\/\/www.nextbike.ch\/it\/tassa\/#breadcrumb","itemListElement":[{"@type":"ListItem","position":1,"name":"Startseite","item":"https:\/\/www.nextbike.ch\/it\/"},{"@type":"ListItem","position":2,"name":"Tassa"}]},{"@type":"WebSite","@id":"https:\/\/www.nextbike.ch\/it\/#website","url":"https:\/\/www.nextbike.ch\/it\/","name":"nextbike Luzern","description":"App downloaden und nextbike in Luzern fahren!","potentialAction":[{"@type":"SearchAction","target":{"@type":"EntryPoint","urlTemplate":"https:\/\/www.nextbike.ch\/it\/?s={search_term_string}"},"query-input":{"@type":"PropertyValueSpecification","valueRequired":true,"valueName":"search_term_string"}}],"inLanguage":"it-IT"}]}},"_links":{"self":[{"href":"https:\/\/www.nextbike.ch\/it\/wp-json\/wp\/v2\/pages\/156","targetHints":{"allow":["GET"]}}],"collection":[{"href":"https:\/\/www.nextbike.ch\/it\/wp-json\/wp\/v2\/pages"}],"about":[{"href":"https:\/\/www.nextbike.ch\/it\/wp-json\/wp\/v2\/types\/page"}],"author":[{"embeddable":true,"href":"https:\/\/www.nextbike.ch\/it\/wp-json\/wp\/v2\/users\/2"}],"replies":[{"embeddable":true,"href":"https:\/\/www.nextbike.ch\/it\/wp-json\/wp\/v2\/comments?post=156"}],"version-history":[{"count":8,"href":"https:\/\/www.nextbike.ch\/it\/wp-json\/wp\/v2\/pages\/156\/revisions"}],"predecessor-version":[{"id":734,"href":"https:\/\/www.nextbike.ch\/it\/wp-json\/wp\/v2\/pages\/156\/revisions\/734"}],"wp:attachment":[{"href":"https:\/\/www.nextbike.ch\/it\/wp-json\/wp\/v2\/media?parent=156"}],"curies":[{"name":"wp","href":"https:\/\/api.w.org\/{rel}","templated":true}]}}