{"id":465,"date":"2023-03-09T14:35:12","date_gmt":"2023-03-09T13:35:12","guid":{"rendered":"https:\/\/nextbike-live.pluspol-networks.de\/luzern\/partnergemeinden\/"},"modified":"2026-03-11T09:38:06","modified_gmt":"2026-03-11T08:38:06","slug":"partner","status":"publish","type":"page","link":"https:\/\/www.nextbike.ch\/it\/partner\/","title":{"rendered":"Partner"},"content":{"rendered":"<div class=\"wpb-content-wrapper\"><p>[vc_row equal_height=&#8221;yes&#8221; content_placement=&#8221;middle&#8221; css=&#8221;.vc_custom_1678369043756{margin-top: 30px !important;}&#8221;][vc_column width=&#8221;1\/2&#8243;][vc_column_text css=&#8221;&#8221;]<\/p>\n<h2>Beneficia dell&#8217;offerta speciale ora!<\/h2>\n<p><span style=\"font-weight: 400;\">I residenti dei comuni partner possono beneficiare di 30 minuti gratuiti in tutta la Svizzera centrale. Per ogni quarto d&#8217;ora in pi\u00f9, il costo \u00e8 di 1,00 franchi. La tariffa massima giornaliera \u00e8 di 20,00 franchi.<\/span><\/p>\n<p><span style=\"font-weight: 400;\">Lo sconto \u00e8 valido solo per le bici classiche. Per le bici a pedalata assistita vengono applicate le tariffe di base.<\/span><\/p>\n<p><span style=\"font-weight: 400;\"><u>Lo sconto \u00e8 valido nei seguenti comuni partner:<\/u><\/span><\/p>\n<p>Altdorf, Ballwil, Buchrain, Ebikon, Eich, Emmen, Ennetmoos, Eschenbach, Geuensee, Hergiswil, Hochdorf, Hohenrain, Horw, Inwil, Kriens, Citt\u00e0 di Lucerna, Mauensee, Meggen, Neuenkirch, Nottwil, Oberdorf-Dallenwil, Oberkirch, Rothenburg, Ruswil, Sarnen, Schenkon, Sempach, Stans, Stansstad, Sursee, B\u00fcron, Werthenstein, Wolfenschiessen, Wolhusen<\/p>\n<p>&nbsp;<\/p>\n<p><b>Ottenere la tariffa ridotta:<\/b><\/p>\n<p><span style=\"font-weight: 400;\">Scegliere nell&#8217;app nextbike alla rubrica &#8220;Wallet&#8221; &#8211; Acquistare un abbonamento\/Aggiungere un partner. <\/span><span style=\"font-weight: 400;\">Seleziona la tua citt\u00e0 o il tuo comune di residenza come partner. <\/span><span style=\"font-weight: 400;\">Per concludere la procedura, assicurati di aver compilato tutti i campi obbligatori.<\/span><\/p>\n<p><span style=\"font-weight: 400;\">\u00a0<\/span><\/p>\n<p><strong>Le tariffe scontate legate a una citt\u00e0 o a un comune di residenza possono essere utilizzate solo da chi ci abita. Qualsiasi uso illegale sar\u00e0 sanzionato e fatturato in seguito.<\/strong>[\/vc_column_text][\/vc_column][vc_column width=&#8221;1\/2&#8243;][vc_single_image image=&#8221;752&#8243; img_size=&#8221;large&#8221; alignment=&#8221;center&#8221; css=&#8221;&#8221;][\/vc_column][\/vc_row]<\/p>\n<\/div>","protected":false},"excerpt":{"rendered":"<p>[vc_row equal_height=&#8221;yes&#8221; content_placement=&#8221;middle&#8221; css=&#8221;.vc_custom_1678369043756{margin-top: 30px !important;}&#8221;][vc_column width=&#8221;1\/2&#8243;][vc_column_text css=&#8221;&#8221;] Beneficia dell&#8217;offerta speciale ora! I residenti dei comuni partner possono beneficiare di 30 minuti gratuiti in tutta la Svizzera centrale. Per ogni quarto d&#8217;ora in pi\u00f9, il costo \u00e8 di 1,00 franchi. La tariffa massima giornaliera \u00e8 di 20,00 franchi. Lo sconto \u00e8 valido solo per le [&hellip;]<\/p>\n","protected":false},"author":12,"featured_media":0,"parent":0,"menu_order":0,"comment_status":"closed","ping_status":"closed","template":"page-bubble.php","meta":{"_acf_changed":false,"inline_featured_image":false,"footnotes":""},"class_list":["post-465","page","type-page","status-publish","hentry"],"acf":[],"yoast_head":"<!-- This site is optimized with the Yoast SEO plugin v27.2 - https:\/\/yoast.com\/product\/yoast-seo-wordpress\/ -->\n<title>Partner - nextbike Luzern<\/title>\n<meta name=\"robots\" content=\"index, follow, max-snippet:-1, max-image-preview:large, max-video-preview:-1\" \/>\n<link rel=\"canonical\" href=\"https:\/\/www.nextbike.ch\/it\/partner\/\" \/>\n<meta property=\"og:locale\" content=\"it_IT\" \/>\n<meta property=\"og:type\" content=\"article\" \/>\n<meta property=\"og:title\" content=\"Partner - nextbike Luzern\" \/>\n<meta property=\"og:description\" content=\"[vc_row equal_height=&#8221;yes&#8221; content_placement=&#8221;middle&#8221; css=&#8221;.vc_custom_1678369043756{margin-top: 30px !important;}&#8221;][vc_column width=&#8221;1\/2&#8243;][vc_column_text css=&#8221;&#8221;] Beneficia dell&#8217;offerta speciale ora! I residenti dei comuni partner possono beneficiare di 30 minuti gratuiti in tutta la Svizzera centrale. Per ogni quarto d&#8217;ora in pi\u00f9, il costo \u00e8 di 1,00 franchi. La tariffa massima giornaliera \u00e8 di 20,00 franchi. Lo sconto \u00e8 valido solo per le [&hellip;]\" \/>\n<meta property=\"og:url\" content=\"https:\/\/www.nextbike.ch\/it\/partner\/\" \/>\n<meta property=\"og:site_name\" content=\"nextbike Luzern\" \/>\n<meta property=\"article:modified_time\" content=\"2026-03-11T08:38:06+00:00\" \/>\n<meta name=\"twitter:card\" content=\"summary_large_image\" \/>\n<meta name=\"twitter:label1\" content=\"Tempo di lettura stimato\" \/>\n\t<meta name=\"twitter:data1\" content=\"2 minuti\" \/>\n<script type=\"application\/ld+json\" class=\"yoast-schema-graph\">{\"@context\":\"https:\/\/schema.org\",\"@graph\":[{\"@type\":\"WebPage\",\"@id\":\"https:\/\/www.nextbike.ch\/it\/partner\/\",\"url\":\"https:\/\/www.nextbike.ch\/it\/partner\/\",\"name\":\"Partner - nextbike Luzern\",\"isPartOf\":{\"@id\":\"https:\/\/www.nextbike.ch\/it\/#website\"},\"datePublished\":\"2023-03-09T13:35:12+00:00\",\"dateModified\":\"2026-03-11T08:38:06+00:00\",\"breadcrumb\":{\"@id\":\"https:\/\/www.nextbike.ch\/it\/partner\/#breadcrumb\"},\"inLanguage\":\"it-IT\",\"potentialAction\":[{\"@type\":\"ReadAction\",\"target\":[\"https:\/\/www.nextbike.ch\/it\/partner\/\"]}]},{\"@type\":\"BreadcrumbList\",\"@id\":\"https:\/\/www.nextbike.ch\/it\/partner\/#breadcrumb\",\"itemListElement\":[{\"@type\":\"ListItem\",\"position\":1,\"name\":\"Startseite\",\"item\":\"https:\/\/www.nextbike.ch\/it\/\"},{\"@type\":\"ListItem\",\"position\":2,\"name\":\"Partner\"}]},{\"@type\":\"WebSite\",\"@id\":\"https:\/\/www.nextbike.ch\/it\/#website\",\"url\":\"https:\/\/www.nextbike.ch\/it\/\",\"name\":\"nextbike Luzern\",\"description\":\"App downloaden und nextbike in Luzern fahren!\",\"potentialAction\":[{\"@type\":\"SearchAction\",\"target\":{\"@type\":\"EntryPoint\",\"urlTemplate\":\"https:\/\/www.nextbike.ch\/it\/?s={search_term_string}\"},\"query-input\":{\"@type\":\"PropertyValueSpecification\",\"valueRequired\":true,\"valueName\":\"search_term_string\"}}],\"inLanguage\":\"it-IT\"}]}<\/script>\n<!-- \/ Yoast SEO plugin. -->","yoast_head_json":{"title":"Partner - nextbike Luzern","robots":{"index":"index","follow":"follow","max-snippet":"max-snippet:-1","max-image-preview":"max-image-preview:large","max-video-preview":"max-video-preview:-1"},"canonical":"https:\/\/www.nextbike.ch\/it\/partner\/","og_locale":"it_IT","og_type":"article","og_title":"Partner - nextbike Luzern","og_description":"[vc_row equal_height=&#8221;yes&#8221; content_placement=&#8221;middle&#8221; css=&#8221;.vc_custom_1678369043756{margin-top: 30px !important;}&#8221;][vc_column width=&#8221;1\/2&#8243;][vc_column_text css=&#8221;&#8221;] Beneficia dell&#8217;offerta speciale ora! I residenti dei comuni partner possono beneficiare di 30 minuti gratuiti in tutta la Svizzera centrale. Per ogni quarto d&#8217;ora in pi\u00f9, il costo \u00e8 di 1,00 franchi. La tariffa massima giornaliera \u00e8 di 20,00 franchi. Lo sconto \u00e8 valido solo per le [&hellip;]","og_url":"https:\/\/www.nextbike.ch\/it\/partner\/","og_site_name":"nextbike Luzern","article_modified_time":"2026-03-11T08:38:06+00:00","twitter_card":"summary_large_image","twitter_misc":{"Tempo di lettura stimato":"2 minuti"},"schema":{"@context":"https:\/\/schema.org","@graph":[{"@type":"WebPage","@id":"https:\/\/www.nextbike.ch\/it\/partner\/","url":"https:\/\/www.nextbike.ch\/it\/partner\/","name":"Partner - nextbike Luzern","isPartOf":{"@id":"https:\/\/www.nextbike.ch\/it\/#website"},"datePublished":"2023-03-09T13:35:12+00:00","dateModified":"2026-03-11T08:38:06+00:00","breadcrumb":{"@id":"https:\/\/www.nextbike.ch\/it\/partner\/#breadcrumb"},"inLanguage":"it-IT","potentialAction":[{"@type":"ReadAction","target":["https:\/\/www.nextbike.ch\/it\/partner\/"]}]},{"@type":"BreadcrumbList","@id":"https:\/\/www.nextbike.ch\/it\/partner\/#breadcrumb","itemListElement":[{"@type":"ListItem","position":1,"name":"Startseite","item":"https:\/\/www.nextbike.ch\/it\/"},{"@type":"ListItem","position":2,"name":"Partner"}]},{"@type":"WebSite","@id":"https:\/\/www.nextbike.ch\/it\/#website","url":"https:\/\/www.nextbike.ch\/it\/","name":"nextbike Luzern","description":"App downloaden und nextbike in Luzern fahren!","potentialAction":[{"@type":"SearchAction","target":{"@type":"EntryPoint","urlTemplate":"https:\/\/www.nextbike.ch\/it\/?s={search_term_string}"},"query-input":{"@type":"PropertyValueSpecification","valueRequired":true,"valueName":"search_term_string"}}],"inLanguage":"it-IT"}]}},"_links":{"self":[{"href":"https:\/\/www.nextbike.ch\/it\/wp-json\/wp\/v2\/pages\/465","targetHints":{"allow":["GET"]}}],"collection":[{"href":"https:\/\/www.nextbike.ch\/it\/wp-json\/wp\/v2\/pages"}],"about":[{"href":"https:\/\/www.nextbike.ch\/it\/wp-json\/wp\/v2\/types\/page"}],"author":[{"embeddable":true,"href":"https:\/\/www.nextbike.ch\/it\/wp-json\/wp\/v2\/users\/12"}],"replies":[{"embeddable":true,"href":"https:\/\/www.nextbike.ch\/it\/wp-json\/wp\/v2\/comments?post=465"}],"version-history":[{"count":17,"href":"https:\/\/www.nextbike.ch\/it\/wp-json\/wp\/v2\/pages\/465\/revisions"}],"predecessor-version":[{"id":844,"href":"https:\/\/www.nextbike.ch\/it\/wp-json\/wp\/v2\/pages\/465\/revisions\/844"}],"wp:attachment":[{"href":"https:\/\/www.nextbike.ch\/it\/wp-json\/wp\/v2\/media?parent=465"}],"curies":[{"name":"wp","href":"https:\/\/api.w.org\/{rel}","templated":true}]}}