{"id":509,"date":"2023-03-09T14:18:01","date_gmt":"2023-03-09T13:18:01","guid":{"rendered":"https:\/\/nextbike-live.pluspol-networks.de\/luzern\/geschaeftskunden\/"},"modified":"2026-03-06T11:16:39","modified_gmt":"2026-03-06T10:16:39","slug":"b2b","status":"publish","type":"page","link":"https:\/\/www.nextbike.ch\/it\/b2b\/","title":{"rendered":"B2B"},"content":{"rendered":"<div class=\"wpb-content-wrapper\"><p>[vc_row css=&#8221;.vc_custom_1678359503314{margin-top: 30px !important;}&#8221;][vc_column][vc_column_text]<\/p>\n<h2><b>I nostri prodotti in breve<\/b><\/h2>\n<p>[\/vc_column_text][\/vc_column][\/vc_row][vc_row ppi_row_padding=&#8221;ppi_remove_padding_top,ppi_remove_padding_bottom&#8221;][vc_column width=&#8221;1\/12&#8243;][vc_icon type=&#8221;material&#8221; icon_material=&#8221;vc-material vc-material-directions_bike&#8221; color=&#8221;custom&#8221; background_style=&#8221;rounded-outline&#8221; background_color=&#8221;custom&#8221; align=&#8221;center&#8221; custom_color=&#8221;#000000&#8243; custom_background_color=&#8221;#000000&#8243;][\/vc_column][vc_column width=&#8221;11\/12&#8243;][vc_column_text css=&#8221;&#8221;]<\/p>\n<h3>Bicicletta per aziende<\/h3>\n<p>Nextbike \u00e8 ormai parte integrante del trasporto locale flessibile. Il sistema di noleggio biciclette si \u00e8 affermato come parte integrante del trasporto pubblico e integra in modo ottimale autobus, treni e trasporto individuale motorizzato. I concetti di mobilit\u00e0 aziendale stanno acquisendo sempre pi\u00f9 importanza. Con la Business Bike potete integrare in modo efficace la mobilit\u00e0 sostenibile e flessibile nella vostra azienda. I vostri collaboratori beneficiano di 120 minuti al giorno di utilizzo gratuito delle classiche Nextbike, per recarsi al lavoro, agli appuntamenti o per gli spostamenti nel tempo libero. Saremo lieti di valutare la possibilit\u00e0 di realizzare una stazione Nextbike direttamente presso la vostra sede aziendale e di fornirvi una consulenza personalizzata sulle varie opzioni.<\/p>\n<p><b>I vostri vantaggi in sintesi Condizioni Clienti esistenti<\/b><\/p>\n<ul>\n<li>Mobilit\u00e0 efficiente e flessibile nel traffico pendolare<\/li>\n<li>Riduzione del fabbisogno di parcheggi e infrastrutture<\/li>\n<li>Promozione dell&#8217;attivit\u00e0 fisica e della salute dei vostri collaboratori<\/li>\n<li>Impegno visibile per un comportamento rispettoso dell&#8217;ambiente e sostenibile<\/li>\n<\/ul>\n<ul>\n<li>Abbonamento Business Bike a partire da 10 persone: a partire da CHF 360.00<\/li>\n<li>Stazione standard nella rete esistente della Svizzera centrale, compreso abbonamento Business Bike a partire da CHF 3&#8217;465.00<\/li>\n<\/ul>\n<p>Cantoni di Lucerna, Nidvaldo e Obvaldo, CKW, VBL, CSS, Calida, Ospedale cantonale di Lucerna, Gruppo svizzero per paraplegici e molti altri.[\/vc_column_text][\/vc_column][\/vc_row][vc_row ppi_row_padding=&#8221;ppi_remove_padding_top,ppi_remove_padding_bottom&#8221; disable_element=&#8221;yes&#8221;][vc_column width=&#8221;1\/12&#8243;][vc_icon type=&#8221;material&#8221; icon_material=&#8221;vc-material vc-material-airline_seat_individual_suite&#8221; color=&#8221;black&#8221; background_style=&#8221;rounded-outline&#8221; background_color=&#8221;black&#8221; align=&#8221;center&#8221;][\/vc_column][vc_column width=&#8221;11\/12&#8243;][vc_column_text css=&#8221;&#8221;]<\/p>\n<h3><span style=\"color: #004a99;\">Biciclette per strutture ricettive<\/span><\/h3>\n<p data-renderer-start-pos=\"2553\"><strong data-renderer-mark=\"true\">Prossimamente: <\/strong><\/p>\n<p data-renderer-start-pos=\"2570\">Fornite facilmente ai vostri ospiti biciclette a noleggio per le loro gite turistiche.<\/p>\n<p data-renderer-start-pos=\"2658\"><strong>Vantaggi:<\/strong><\/p>\n<ul>\n<li data-renderer-start-pos=\"2671\">Offerta interessante per gli ospiti dell&#8217;hotel<\/li>\n<li data-renderer-start-pos=\"2671\">Manutenzione delle biciclette da parte di nextbike<\/li>\n<\/ul>\n<p>[\/vc_column_text][\/vc_column][\/vc_row][vc_row ppi_row_padding=&#8221;ppi_remove_padding_top,ppi_remove_padding_bottom&#8221; css=&#8221;.vc_custom_1678359598991{margin-top: 30px !important;}&#8221;][vc_column][vc_separator][\/vc_column][\/vc_row][vc_row ppi_row_padding=&#8221;ppi_remove_padding_top,ppi_remove_padding_bottom&#8221;][vc_column width=&#8221;1\/12&#8243;][vc_icon type=&#8221;material&#8221; icon_material=&#8221;vc-material vc-material-photo_camera&#8221; color=&#8221;black&#8221; background_style=&#8221;rounded-outline&#8221; background_color=&#8221;black&#8221; align=&#8221;center&#8221;][\/vc_column][vc_column width=&#8221;11\/12&#8243;][vc_column_text css=&#8221;&#8221;]<\/p>\n<h3>Pubblicit\u00e0<\/h3>\n<div class=\"column-bg-overlay-wrap\" data-bg-animation=\"none\">\n<div class=\"column-bg-overlay\"><span style=\"font-weight: 400;\">Con la pubblicit\u00e0 sulle nostre biciclette, i messaggi pubblicitari sono visibili, insoliti ed ecologici in tutta la citt\u00e0 e la regione. In questo modo, coprono diverse centinaia di migliaia di chilometri e sono sempre rivolti direttamente al gruppo target.<\/span><\/div>\n<\/div>\n<p>[\/vc_column_text][\/vc_column][\/vc_row][vc_row ppi_row_padding=&#8221;ppi_remove_padding_top,ppi_remove_padding_bottom&#8221;][vc_column][vc_gallery interval=&#8221;3&#8243; images=&#8221;443,439,435&#8243; img_size=&#8221;large&#8221; onclick=&#8221;&#8221;][\/vc_column][\/vc_row][vc_row ppi_row_padding=&#8221;ppi_remove_padding_top,ppi_remove_padding_bottom&#8221; disable_element=&#8221;yes&#8221; css=&#8221;.vc_custom_1679571985307{margin-top: 30px !important;}&#8221;][vc_column][vc_separator][\/vc_column][\/vc_row][vc_row ppi_row_padding=&#8221;ppi_remove_padding_top,ppi_remove_padding_bottom&#8221; disable_element=&#8221;yes&#8221;][vc_column width=&#8221;1\/12&#8243;][vc_icon type=&#8221;material&#8221; icon_material=&#8221;vc-material vc-material-school&#8221; color=&#8221;black&#8221; background_style=&#8221;rounded-outline&#8221; background_color=&#8221;black&#8221; align=&#8221;center&#8221;][\/vc_column][vc_column width=&#8221;11\/12&#8243;][vc_column_text]<\/p>\n<h3><span style=\"color: #004a99;\">Campus<\/span><\/h3>\n<p>In Zusammenarbeit mit Hochschulen, Universit\u00e4ten sowie Studierendenwerken erhalten Studierende und Mitarbeitende besondere Tarifvorteile. Zus\u00e4tzlich k\u00f6nnen Stationen direkt auf dem Campus eingerichtet werden.[\/vc_column_text][\/vc_column][\/vc_row][vc_row ppi_row_padding=&#8221;ppi_remove_padding_top,ppi_remove_padding_bottom&#8221; css=&#8221;.vc_custom_1678359598991{margin-top: 30px !important;}&#8221;][vc_column][vc_separator][\/vc_column][\/vc_row][vc_row ppi_row_padding=&#8221;ppi_remove_padding_top&#8221;][vc_column width=&#8221;1\/12&#8243;][vc_icon type=&#8221;material&#8221; icon_material=&#8221;vc-material vc-material-mail_outline&#8221; color=&#8221;black&#8221; background_style=&#8221;rounded-outline&#8221; background_color=&#8221;black&#8221; align=&#8221;center&#8221;][\/vc_column][vc_column width=&#8221;11\/12&#8243;][vc_column_text css=&#8221;&#8221;]<\/p>\n<h3>Siete interessati? Contattateci subito!<\/h3>\n<p>Caritas Svizzera Centrale<br \/>\nGrossmatte Ost 10<br \/>\n6014 Luzern<br \/>\nTel: 041 368 54 17<br \/>\nE-Mail: <a href=\"mailto:info@nextbike.ch\">info@nextbike.ch<\/a>[\/vc_column_text][\/vc_column][\/vc_row][vc_row][vc_column][vc_column_text]<\/p>\n<p>Caritas Svizzera Centrale lavora per conto di nextbike GmbH.[\/vc_column_text][\/vc_column][\/vc_row]<\/p>\n<\/div>","protected":false},"excerpt":{"rendered":"<p>[vc_row css=&#8221;.vc_custom_1678359503314{margin-top: 30px !important;}&#8221;][vc_column][vc_column_text] I nostri prodotti in breve [\/vc_column_text][\/vc_column][\/vc_row][vc_row ppi_row_padding=&#8221;ppi_remove_padding_top,ppi_remove_padding_bottom&#8221;][vc_column width=&#8221;1\/12&#8243;][vc_icon type=&#8221;material&#8221; icon_material=&#8221;vc-material vc-material-directions_bike&#8221; color=&#8221;custom&#8221; background_style=&#8221;rounded-outline&#8221; background_color=&#8221;custom&#8221; align=&#8221;center&#8221; custom_color=&#8221;#000000&#8243; custom_background_color=&#8221;#000000&#8243;][\/vc_column][vc_column width=&#8221;11\/12&#8243;][vc_column_text css=&#8221;&#8221;] Bicicletta per aziende Nextbike \u00e8 ormai parte integrante del trasporto locale flessibile. Il sistema di noleggio biciclette si \u00e8 affermato come parte integrante del trasporto pubblico e integra in modo ottimale autobus, [&hellip;]<\/p>\n","protected":false},"author":12,"featured_media":0,"parent":0,"menu_order":0,"comment_status":"closed","ping_status":"closed","template":"page-bubble.php","meta":{"_acf_changed":false,"inline_featured_image":false,"footnotes":""},"class_list":["post-509","page","type-page","status-publish","hentry"],"acf":[],"yoast_head":"<!-- This site is optimized with the Yoast SEO plugin v27.2 - https:\/\/yoast.com\/product\/yoast-seo-wordpress\/ -->\n<title>B2B - nextbike Luzern<\/title>\n<meta name=\"description\" content=\"Jetzt unsere B2B-Produkte entdecken. Ob Werbung auf unseren R\u00e4dern oder MitarbeitendenRad - Wir haben das passende Angebot.\" \/>\n<meta name=\"robots\" content=\"index, follow, max-snippet:-1, max-image-preview:large, max-video-preview:-1\" \/>\n<link rel=\"canonical\" href=\"https:\/\/www.nextbike.ch\/it\/b2b\/\" \/>\n<meta property=\"og:locale\" content=\"it_IT\" \/>\n<meta property=\"og:type\" content=\"article\" \/>\n<meta property=\"og:title\" content=\"B2B - nextbike Luzern\" \/>\n<meta property=\"og:description\" content=\"Jetzt unsere B2B-Produkte entdecken. Ob Werbung auf unseren R\u00e4dern oder MitarbeitendenRad - Wir haben das passende Angebot.\" \/>\n<meta property=\"og:url\" content=\"https:\/\/www.nextbike.ch\/it\/b2b\/\" \/>\n<meta property=\"og:site_name\" content=\"nextbike Luzern\" \/>\n<meta property=\"article:modified_time\" content=\"2026-03-06T10:16:39+00:00\" \/>\n<meta name=\"twitter:card\" content=\"summary_large_image\" \/>\n<meta name=\"twitter:label1\" content=\"Tempo di lettura stimato\" \/>\n\t<meta name=\"twitter:data1\" content=\"2 minuti\" \/>\n<script type=\"application\/ld+json\" class=\"yoast-schema-graph\">{\"@context\":\"https:\/\/schema.org\",\"@graph\":[{\"@type\":\"WebPage\",\"@id\":\"https:\/\/www.nextbike.ch\/it\/b2b\/\",\"url\":\"https:\/\/www.nextbike.ch\/it\/b2b\/\",\"name\":\"B2B - nextbike Luzern\",\"isPartOf\":{\"@id\":\"https:\/\/www.nextbike.ch\/it\/#website\"},\"datePublished\":\"2023-03-09T13:18:01+00:00\",\"dateModified\":\"2026-03-06T10:16:39+00:00\",\"description\":\"Jetzt unsere B2B-Produkte entdecken. Ob Werbung auf unseren R\u00e4dern oder MitarbeitendenRad - Wir haben das passende Angebot.\",\"breadcrumb\":{\"@id\":\"https:\/\/www.nextbike.ch\/it\/b2b\/#breadcrumb\"},\"inLanguage\":\"it-IT\",\"potentialAction\":[{\"@type\":\"ReadAction\",\"target\":[\"https:\/\/www.nextbike.ch\/it\/b2b\/\"]}]},{\"@type\":\"BreadcrumbList\",\"@id\":\"https:\/\/www.nextbike.ch\/it\/b2b\/#breadcrumb\",\"itemListElement\":[{\"@type\":\"ListItem\",\"position\":1,\"name\":\"Startseite\",\"item\":\"https:\/\/www.nextbike.ch\/it\/\"},{\"@type\":\"ListItem\",\"position\":2,\"name\":\"B2B\"}]},{\"@type\":\"WebSite\",\"@id\":\"https:\/\/www.nextbike.ch\/it\/#website\",\"url\":\"https:\/\/www.nextbike.ch\/it\/\",\"name\":\"nextbike Luzern\",\"description\":\"App downloaden und nextbike in Luzern fahren!\",\"potentialAction\":[{\"@type\":\"SearchAction\",\"target\":{\"@type\":\"EntryPoint\",\"urlTemplate\":\"https:\/\/www.nextbike.ch\/it\/?s={search_term_string}\"},\"query-input\":{\"@type\":\"PropertyValueSpecification\",\"valueRequired\":true,\"valueName\":\"search_term_string\"}}],\"inLanguage\":\"it-IT\"}]}<\/script>\n<!-- \/ Yoast SEO plugin. -->","yoast_head_json":{"title":"B2B - nextbike Luzern","description":"Jetzt unsere B2B-Produkte entdecken. Ob Werbung auf unseren R\u00e4dern oder MitarbeitendenRad - Wir haben das passende Angebot.","robots":{"index":"index","follow":"follow","max-snippet":"max-snippet:-1","max-image-preview":"max-image-preview:large","max-video-preview":"max-video-preview:-1"},"canonical":"https:\/\/www.nextbike.ch\/it\/b2b\/","og_locale":"it_IT","og_type":"article","og_title":"B2B - nextbike Luzern","og_description":"Jetzt unsere B2B-Produkte entdecken. Ob Werbung auf unseren R\u00e4dern oder MitarbeitendenRad - Wir haben das passende Angebot.","og_url":"https:\/\/www.nextbike.ch\/it\/b2b\/","og_site_name":"nextbike Luzern","article_modified_time":"2026-03-06T10:16:39+00:00","twitter_card":"summary_large_image","twitter_misc":{"Tempo di lettura stimato":"2 minuti"},"schema":{"@context":"https:\/\/schema.org","@graph":[{"@type":"WebPage","@id":"https:\/\/www.nextbike.ch\/it\/b2b\/","url":"https:\/\/www.nextbike.ch\/it\/b2b\/","name":"B2B - nextbike Luzern","isPartOf":{"@id":"https:\/\/www.nextbike.ch\/it\/#website"},"datePublished":"2023-03-09T13:18:01+00:00","dateModified":"2026-03-06T10:16:39+00:00","description":"Jetzt unsere B2B-Produkte entdecken. Ob Werbung auf unseren R\u00e4dern oder MitarbeitendenRad - Wir haben das passende Angebot.","breadcrumb":{"@id":"https:\/\/www.nextbike.ch\/it\/b2b\/#breadcrumb"},"inLanguage":"it-IT","potentialAction":[{"@type":"ReadAction","target":["https:\/\/www.nextbike.ch\/it\/b2b\/"]}]},{"@type":"BreadcrumbList","@id":"https:\/\/www.nextbike.ch\/it\/b2b\/#breadcrumb","itemListElement":[{"@type":"ListItem","position":1,"name":"Startseite","item":"https:\/\/www.nextbike.ch\/it\/"},{"@type":"ListItem","position":2,"name":"B2B"}]},{"@type":"WebSite","@id":"https:\/\/www.nextbike.ch\/it\/#website","url":"https:\/\/www.nextbike.ch\/it\/","name":"nextbike Luzern","description":"App downloaden und nextbike in Luzern fahren!","potentialAction":[{"@type":"SearchAction","target":{"@type":"EntryPoint","urlTemplate":"https:\/\/www.nextbike.ch\/it\/?s={search_term_string}"},"query-input":{"@type":"PropertyValueSpecification","valueRequired":true,"valueName":"search_term_string"}}],"inLanguage":"it-IT"}]}},"_links":{"self":[{"href":"https:\/\/www.nextbike.ch\/it\/wp-json\/wp\/v2\/pages\/509","targetHints":{"allow":["GET"]}}],"collection":[{"href":"https:\/\/www.nextbike.ch\/it\/wp-json\/wp\/v2\/pages"}],"about":[{"href":"https:\/\/www.nextbike.ch\/it\/wp-json\/wp\/v2\/types\/page"}],"author":[{"embeddable":true,"href":"https:\/\/www.nextbike.ch\/it\/wp-json\/wp\/v2\/users\/12"}],"replies":[{"embeddable":true,"href":"https:\/\/www.nextbike.ch\/it\/wp-json\/wp\/v2\/comments?post=509"}],"version-history":[{"count":25,"href":"https:\/\/www.nextbike.ch\/it\/wp-json\/wp\/v2\/pages\/509\/revisions"}],"predecessor-version":[{"id":840,"href":"https:\/\/www.nextbike.ch\/it\/wp-json\/wp\/v2\/pages\/509\/revisions\/840"}],"wp:attachment":[{"href":"https:\/\/www.nextbike.ch\/it\/wp-json\/wp\/v2\/media?parent=509"}],"curies":[{"name":"wp","href":"https:\/\/api.w.org\/{rel}","templated":true}]}}